{"id":486,"date":"2022-03-04T15:25:28","date_gmt":"2022-03-04T15:25:28","guid":{"rendered":"https:\/\/beleaderprogram.com\/politica-de-cookies\/"},"modified":"2022-03-04T15:53:40","modified_gmt":"2022-03-04T15:53:40","slug":"politica-de-cookies","status":"publish","type":"page","link":"https:\/\/beleaderprogram.com\/hr\/politica-de-cookies\/","title":{"rendered":"Pol\u00edtica de Cookies"},"content":{"rendered":"<p>[et_pb_section fb_built=&#8221;1&#8243; _builder_version=&#8221;4.14.8&#8243; _module_preset=&#8221;default&#8221; global_colors_info=&#8221;{}&#8221;][et_pb_row _builder_version=&#8221;4.14.8&#8243; _module_preset=&#8221;default&#8221; global_colors_info=&#8221;{}&#8221;][et_pb_column type=&#8221;4_4&#8243; _builder_version=&#8221;4.14.8&#8243; _module_preset=&#8221;default&#8221; global_colors_info=&#8221;{}&#8221;][et_pb_text _builder_version=&#8221;4.14.8&#8243; _module_preset=&#8221;default&#8221; text_font=&#8221;|300|||||||&#8221; text_font_size=&#8221;68px&#8221; text_letter_spacing=&#8221;-5px&#8221; text_line_height=&#8221;1em&#8221; custom_margin=&#8221;||10%||false|false&#8221; text_font_size_tablet=&#8221;68px&#8221; text_font_size_phone=&#8221;50px&#8221; text_font_size_last_edited=&#8221;on|phone&#8221; global_colors_info=&#8221;{}&#8221;]Informaci\u00f3n sobre la<br \/>\n<strong>Pol\u00edtica de Cookies<\/strong>[\/et_pb_text][et_pb_text _builder_version=&#8221;4.14.8&#8243; _module_preset=&#8221;default&#8221; global_colors_info=&#8221;{}&#8221;]Desde la <strong>FUNDACI\u00d3N PARENTES<\/strong>\u00a0deseamos informarte de que nuestras p\u00e1ginas web utilizan cookies propias y terceros para medir y analizar la navegaci\u00f3n de nuestros usuarios. Mediante el uso de nuestros sitios web aceptas nuestras cookies de conformidad con los t\u00e9rminos de esta Pol\u00edtica.<\/p>\n<h1><strong>\u00bfQu\u00e9 son las Cookies?<\/strong><\/h1>\n<p>Cuando se navega por Internet, en algunas ocasiones, se almacenan en tu ordenador o dispositivos elementos residuales, como pueden ser los archivos temporales o las cookies. Cada cookie es \u00fanica a su navegador web y contendr\u00e1 cierta informaci\u00f3n an\u00f3nima, como un identificador y el nombre de la p\u00e1gina web, junto con algunas cifras y n\u00fameros. El usuario no proporciona directamente esta informaci\u00f3n, sino que se recaba autom\u00e1ticamente como medio de apoyo a su visita a la p\u00e1gina web.<\/p>\n<p>Estos elementos est\u00e1n encaminados a mejorar la experiencia del usuario cuando navega por la red, permitiendo que sea recordado en pr\u00f3ximas visitas, almacenar sus preferencias o navegar de manera m\u00e1s eficiente, r\u00e1pida y sencilla.<\/p>\n<h1><strong>\u00bfQu\u00e9 tipos de cookies utiliza esta p\u00e1gina web<\/strong><\/h1>\n<p>A continuaci\u00f3n, te facilitamos un enlace donde podr\u00e1s ver el listado detallado de las cookies que utilizamos en nuestra p\u00e1gina web, indicando si son propias (aqu\u00e9llas que se env\u00edan al equipo terminal del usuario desde un equipo o dominio gestionado por <strong>FUNDACI\u00d3N PARENTES<\/strong> y desde el que se presta el servicio solicitado por el usuario) o de terceros (aqu\u00e9llas que se env\u00edan al equipo terminal del usuario desde un equipo o dominio que no es gestionado por <strong>FUNDACI\u00d3N PARENTES<\/strong>, sino por otra entidad que trata los datos obtenidos trav\u00e9s de las cookies), as\u00ed como la finalidad de las mismas:<\/p>\n<ul>\n<li><strong>Cookies necesarias:<\/strong> las cookies necesarias ayudan a hacer una p\u00e1gina web utilizable activando funciones b\u00e1sicas como la navegaci\u00f3n en la p\u00e1gina y el acceso a \u00e1reas seguras de la p\u00e1gina web. La p\u00e1gina web no puede funcionar adecuadamente sin estas cookies.<\/li>\n<li><strong>Cookies estad\u00edsticas:<\/strong> Las cookies estad\u00edsticas ayudan a los propietarios de p\u00e1ginas web a comprender c\u00f3mo interact\u00faan los visitantes con las p\u00e1ginas web reuniendo y proporcionando informaci\u00f3n de forma an\u00f3nima.<\/li>\n<li><strong>Cookies funcionales:<\/strong> Estas cookies permiten que el sitio web proporcione una mejor funcionalidad y personalizaci\u00f3n. Pueden ser establecidas por nuestra empresa o por proveedores externos cuyos servicios hemos agregado a nuestras p\u00e1ginas. Si no permite utilizar estas cookies, es posible que algunos de estos servicios no funcionen correctamente.<\/li>\n<li><strong>Cookies de publicidad:<\/strong> Las cookies de marketing se utilizan para rastrear a los visitantes en las p\u00e1ginas web. La intenci\u00f3n es mostrar anuncios relevantes y atractivos para el usuario individual, y, por lo tanto, m\u00e1s valiosos para los editores y terceros anunciantes.<\/li>\n<\/ul>\n<h1><strong>Tratamiento de datos de car\u00e1cter personal<\/strong><\/h1>\n<p>Al acceder al sitio web, ver\u00e1s un aviso de cookies en el que se te informar\u00e1 de la forma en la que puedes prestar o rechazar tu consentimiento a instalar las cookies. En cualquier momento podr\u00e1s rechazar o configurar el uso de cookies haciendo clic aqu\u00ed.<\/p>\n<h1><strong>Revocaci\u00f3n y eliminaci\u00f3n de Cookies<\/strong><\/h1>\n<p>Por otro lado, en todo momento, podr\u00e1s deshabilitar o eliminar las cookies ya instaladas a trav\u00e9s de la configuraci\u00f3n del navegador que utilices en su dispositivo o terminal. A continuaci\u00f3n, te facilitamos el acceso a p\u00e1ginas informativas de los principales navegadores de internet para la configuraci\u00f3n de cookies:<\/p>\n<ul>\n<li>Configuraci\u00f3n de cookies para <a href=\"https:\/\/support.google.com\/chrome\/answer\/95647?hl=es\" target=\"_blank\" rel=\"noopener noreferrer\">Google Chrome<\/a><\/li>\n<li>Configuraci\u00f3n de cookies para <a href=\"https:\/\/support.mozilla.org\/es\/kb\/habilitar-y-deshabilitar-cookies-sitios-web-rastrear-preferencias?redirectlocale=es&amp;redirectslug=habilitar-y-deshabilitar-cookies-que-los-sitios-we\" target=\"_blank\" rel=\"noopener noreferrer\">Mozilla Firefox<\/a><\/li>\n<li>Configuraci\u00f3n de cookies para <a href=\"https:\/\/support.microsoft.com\/es-es\/help\/17442\/windows-internet-explorer-delete-manage-cookies\" target=\"_blank\" rel=\"noopener noreferrer\">Internet Explorer<\/a><\/li>\n<li>Configuraci\u00f3n de cookies para <a href=\"https:\/\/support.apple.com\/es-es\/HT201265\" target=\"_blank\" rel=\"noopener noreferrer\">Safari<\/a><\/li>\n<\/ul>\n<h1><strong>Vigencia de las cookies<\/strong><\/h1>\n<p>Seg\u00fan el plazo de tiempo en que las cookies permanecen activadas en un equipo terminal, podemos distinguir dos tipolog\u00edas:<\/p>\n<ul>\n<li><strong>Cookies de sesi\u00f3n:<\/strong> cookies dise\u00f1adas para recabar y almacenar datos mientras el usuario accede a una p\u00e1gina web. Se emplean para almacenar informaci\u00f3n que solo interesa conservar para la prestaci\u00f3n del servicio solicitado por el usuario en una sola ocasi\u00f3n.<\/li>\n<li><strong>Cookies persistentes:<\/strong> cookies en las que los datos permanecen almacenados en el terminal y pueden ser accedidos y tratados durante un periodo definido por el responsable de la cookie, y que puede variar desde unos minutos hasta varios a\u00f1os. Para conocer la vigencia de las cookies descargadas en un equipo terminal se debe acceder al \u201cInspector\u201d del navegador correspondiente. Para ello, deber\u00e1 pulsar el bot\u00f3n derecho del rat\u00f3n, situando el puntero dentro de la p\u00e1gina visitada en el navegador, y seleccionar \u201cInspeccionar elemento\u201d. Esta acci\u00f3n generar\u00e1 una nueva ventana emergente, o la divisi\u00f3n de la p\u00e1gina existente. Dentro de esta nueva ventana, en la secci\u00f3n \u201cAlmacenamiento\u201d (\u201cAplicaciones \u2013 Almacenamiento\u201d) se muestra la informaci\u00f3n relevante de las cookies descargadas, entre ellas su caducidad y\/o vigencia.<\/li>\n<\/ul>\n<h1><strong>M\u00e1s informaci\u00f3n <\/strong><\/h1>\n<p><strong>FUNDACI\u00d3N PARENTES<\/strong> puede modificar esta Pol\u00edtica de Cookies en funci\u00f3n de, entre otros motivos, exigencias legislativas, reglamentarias, o con la finalidad de adaptar dicha pol\u00edtica a las instrucciones dictadas por la Agencia Espa\u00f1ola de Protecci\u00f3n de Datos. Por ello, se aconseja a los usuarios que visiten peri\u00f3dicamente esta p\u00e1gina para conocer los cambios sufridos en las mismas. A su vez, les queremos informar que la informaci\u00f3n sobre las cookies utilizadas en el presente sitio web se actualiza de forma mensual.[\/et_pb_text][\/et_pb_column][\/et_pb_row][\/et_pb_section]<\/p>\n","protected":false},"excerpt":{"rendered":"<p>Informaci\u00f3n sobre la Pol\u00edtica de CookiesDesde la FUNDACI\u00d3N PARENTES\u00a0deseamos informarte de que nuestras p\u00e1ginas web utilizan cookies propias y terceros para medir y analizar la navegaci\u00f3n de nuestros usuarios. Mediante el uso de nuestros sitios web aceptas nuestras cookies de conformidad con los t\u00e9rminos de esta Pol\u00edtica. \u00bfQu\u00e9 son las Cookies? Cuando se navega por [&hellip;]<\/p>\n","protected":false},"author":1,"featured_media":0,"parent":0,"menu_order":0,"comment_status":"closed","ping_status":"closed","template":"","meta":{"_acf_changed":false,"_et_pb_use_builder":"on","_et_pb_old_content":"","_et_gb_content_width":"","footnotes":""},"class_list":["post-486","page","type-page","status-publish","hentry"],"acf":[],"_links":{"self":[{"href":"https:\/\/beleaderprogram.com\/hr\/wp-json\/wp\/v2\/pages\/486","targetHints":{"allow":["GET"]}}],"collection":[{"href":"https:\/\/beleaderprogram.com\/hr\/wp-json\/wp\/v2\/pages"}],"about":[{"href":"https:\/\/beleaderprogram.com\/hr\/wp-json\/wp\/v2\/types\/page"}],"author":[{"embeddable":true,"href":"https:\/\/beleaderprogram.com\/hr\/wp-json\/wp\/v2\/users\/1"}],"replies":[{"embeddable":true,"href":"https:\/\/beleaderprogram.com\/hr\/wp-json\/wp\/v2\/comments?post=486"}],"version-history":[{"count":2,"href":"https:\/\/beleaderprogram.com\/hr\/wp-json\/wp\/v2\/pages\/486\/revisions"}],"predecessor-version":[{"id":491,"href":"https:\/\/beleaderprogram.com\/hr\/wp-json\/wp\/v2\/pages\/486\/revisions\/491"}],"wp:attachment":[{"href":"https:\/\/beleaderprogram.com\/hr\/wp-json\/wp\/v2\/media?parent=486"}],"curies":[{"name":"wp","href":"https:\/\/api.w.org\/{rel}","templated":true}]}}