{"id":421,"date":"2022-03-02T14:37:36","date_gmt":"2022-03-02T14:37:36","guid":{"rendered":"https:\/\/beleaderprogram.com\/?page_id=421"},"modified":"2022-04-20T09:06:22","modified_gmt":"2022-04-20T09:06:22","slug":"vrijednosti","status":"publish","type":"page","link":"https:\/\/beleaderprogram.com\/hr\/vrijednosti\/","title":{"rendered":"Vrijednosti"},"content":{"rendered":"<p>[et_pb_section fb_built=&#8221;1&#8243; _builder_version=&#8221;4.16&#8243; _module_preset=&#8221;default&#8221; background_color=&#8221;#cccccc&#8221; background_image=&#8221;https:\/\/beleaderprogram.com\/wp-content\/uploads\/2021\/09\/carrusel_beLeader_7.png&#8221; custom_margin=&#8221;||||true|false&#8221; custom_padding=&#8221;18%||18%||false|false&#8221; global_colors_info=&#8221;{}&#8221;][et_pb_row _builder_version=&#8221;4.16&#8243; _module_preset=&#8221;default&#8221; global_colors_info=&#8221;{}&#8221;][et_pb_column type=&#8221;4_4&#8243; _builder_version=&#8221;4.16&#8243; _module_preset=&#8221;default&#8221; global_colors_info=&#8221;{}&#8221;][et_pb_text _builder_version=&#8221;4.16&#8243; _module_preset=&#8221;default&#8221; text_font=&#8221;|600|||||||&#8221; text_font_size=&#8221;68px&#8221; text_letter_spacing=&#8221;-5px&#8221; text_line_height=&#8221;1em&#8221; text_orientation=&#8221;center&#8221; background_layout=&#8221;dark&#8221; text_font_size_tablet=&#8221;68px&#8221; text_font_size_phone=&#8221;50px&#8221; text_font_size_last_edited=&#8221;on|phone&#8221; text_line_height_tablet=&#8221;&#8221; text_line_height_phone=&#8221;1em&#8221; text_line_height_last_edited=&#8221;on|phone&#8221; text_text_shadow_style=&#8221;preset3&#8243; global_colors_info=&#8221;{}&#8221;]<\/p>\n<p><span style=\"color: #000000;\">Budi bolji :<\/span><br \/>Ljudski i kr\u0161\u0107anski razvoj<\/p>\n<p>[\/et_pb_text][\/et_pb_column][\/et_pb_row][\/et_pb_section][et_pb_section fb_built=&#8221;1&#8243; _builder_version=&#8221;4.16&#8243; _module_preset=&#8221;default&#8221; custom_margin=&#8221;||||false|false&#8221; custom_padding=&#8221;||||false|false&#8221; global_colors_info=&#8221;{}&#8221;][et_pb_row _builder_version=&#8221;4.16&#8243; _module_preset=&#8221;default&#8221; width=&#8221;50%&#8221; width_tablet=&#8221;50%&#8221; width_phone=&#8221;75%&#8221; width_last_edited=&#8221;on|phone&#8221; custom_margin=&#8221;||||false|false&#8221; custom_padding=&#8221;||||false|false&#8221; global_colors_info=&#8221;{}&#8221;][et_pb_column type=&#8221;4_4&#8243; _builder_version=&#8221;4.16&#8243; _module_preset=&#8221;default&#8221; global_colors_info=&#8221;{}&#8221;][et_pb_text _builder_version=&#8221;4.16&#8243; _module_preset=&#8221;default&#8221; text_font_size=&#8221;26px&#8221; text_letter_spacing=&#8221;-1px&#8221; text_line_height=&#8221;1.1em&#8221; text_orientation=&#8221;center&#8221; global_colors_info=&#8221;{}&#8221;]<\/p>\n<p>Tako se s projektom <strong>BeLeader<\/strong> nudi u\u010denicima, koji to \u017eele, da unaprijede svoju ljudsku i kr\u0161\u0107ansku formaciju pomo\u0107u razli\u010ditih formativnih aktivnosti (razgovori, rad na vrlinama, mentorstvu itd.) Naravno, na tom polju vode\u0107u ulogu uvijek ima obitelj, a \u0161kola samo te\u017ei da doprinese tom nastojanju, nadopunjuju\u0107i formaciju koju ve\u0107 imaju u obiteljskom okru\u017eenju.<\/p>\n<p>[\/et_pb_text][\/et_pb_column][\/et_pb_row][\/et_pb_section][et_pb_section fb_built=&#8221;1&#8243; _builder_version=&#8221;4.16&#8243; _module_preset=&#8221;default&#8221; background_image=&#8221;https:\/\/beleaderprogram.com\/wp-content\/uploads\/2022\/02\/camino_web_beleader-02-02.png&#8221; custom_margin=&#8221;||||false|false&#8221; custom_padding=&#8221;||||true|false&#8221; global_colors_info=&#8221;{}&#8221;][et_pb_row _builder_version=&#8221;4.16&#8243; _module_preset=&#8221;default&#8221; custom_margin=&#8221;0px||||false|false&#8221; custom_padding=&#8221;0px||||false|false&#8221; global_colors_info=&#8221;{}&#8221;][et_pb_column type=&#8221;4_4&#8243; _builder_version=&#8221;4.16&#8243; _module_preset=&#8221;default&#8221; global_colors_info=&#8221;{}&#8221;][et_pb_image src=&#8221;https:\/\/beleaderprogram.com\/wp-content\/uploads\/2022\/02\/13-Credibilidad-Bachillerato-Chicas-copia-1.jpg&#8221; title_text=&#8221;13 &#8211; Credibilidad &#8211; Bachillerato &#8211; Chicas copia (1)&#8221; align=&#8221;center&#8221; _builder_version=&#8221;4.16&#8243; _module_preset=&#8221;default&#8221; width=&#8221;70%&#8221; box_shadow_style=&#8221;preset1&#8243; global_colors_info=&#8221;{}&#8221;][\/et_pb_image][\/et_pb_column][\/et_pb_row][\/et_pb_section][et_pb_section fb_built=&#8221;1&#8243; _builder_version=&#8221;4.16&#8243; _module_preset=&#8221;default&#8221; background_color=&#8221;#e6e6e6&#8243; custom_margin=&#8221;0px||||false|false&#8221; custom_padding=&#8221;||||false|false&#8221; global_colors_info=&#8221;{}&#8221;][et_pb_row _builder_version=&#8221;4.16&#8243; _module_preset=&#8221;default&#8221; custom_margin=&#8221;0px||||false|false&#8221; custom_padding=&#8221;||||false|false&#8221; global_colors_info=&#8221;{}&#8221;][et_pb_column type=&#8221;4_4&#8243; _builder_version=&#8221;4.16&#8243; _module_preset=&#8221;default&#8221; global_colors_info=&#8221;{}&#8221;][et_pb_image src=&#8221;https:\/\/beleaderprogram.com\/wp-content\/uploads\/2022\/02\/flecha_web_beleader-04.png&#8221; title_text=&#8221;flecha_web_beleader-04&#8243; align=&#8221;center&#8221; _builder_version=&#8221;4.16&#8243; _module_preset=&#8221;default&#8221; width=&#8221;7.9vw&#8221; width_tablet=&#8221;16vw&#8221; width_phone=&#8221;29vw&#8221; width_last_edited=&#8221;on|tablet&#8221; custom_margin=&#8221;0px||||false|false&#8221; custom_padding=&#8221;0px||||false|false&#8221; global_colors_info=&#8221;{}&#8221;][\/et_pb_image][et_pb_text _builder_version=&#8221;4.16&#8243; _module_preset=&#8221;default&#8221; text_font=&#8221;|600|||||||&#8221; text_font_size=&#8221;42px&#8221; text_letter_spacing=&#8221;-1px&#8221; text_line_height=&#8221;1.2em&#8221; text_orientation=&#8221;center&#8221; locked=&#8221;off&#8221; global_colors_info=&#8221;{}&#8221;]\u017deli\u0161 bolje<br \/>\nupoznati program?[\/et_pb_text][et_pb_button button_url=&#8221;@ET-DC@eyJkeW5hbWljIjp0cnVlLCJjb250ZW50IjoicG9zdF9saW5rX3VybF9wYWdlIiwic2V0dGluZ3MiOnsicG9zdF9pZCI6IjExNSJ9fQ==@&#8221; button_text=&#8221;Kontaktiraj nas&#8221; button_alignment=&#8221;center&#8221; _builder_version=&#8221;4.16&#8243; _dynamic_attributes=&#8221;button_url&#8221; _module_preset=&#8221;default&#8221; custom_button=&#8221;on&#8221; button_text_size=&#8221;16px&#8221; button_text_color=&#8221;#FFFFFF&#8221; button_bg_color=&#8221;gcid-549a15b0-9c4e-4ad0-b9a6-b5522796de9f&#8221; button_border_width=&#8221;0px&#8221; button_border_radius=&#8221;0px&#8221; global_colors_info=&#8221;{%22gcid-549a15b0-9c4e-4ad0-b9a6-b5522796de9f%22:%91%22button_bg_color%22%93}&#8221;][\/et_pb_button][\/et_pb_column][\/et_pb_row][\/et_pb_section]<\/p>\n","protected":false},"excerpt":{"rendered":"<p>Budi bolji :Ljudski i kr\u0161\u0107anski razvojTako se s projektom BeLeader nudi u\u010denicima, koji to \u017eele, da unaprijede svoju ljudsku i kr\u0161\u0107ansku formaciju pomo\u0107u razli\u010ditih formativnih aktivnosti (razgovori, rad na vrlinama, mentorstvu itd.) Naravno, na tom polju vode\u0107u ulogu uvijek ima obitelj, a \u0161kola samo te\u017ei da doprinese tom nastojanju, nadopunjuju\u0107i formaciju koju ve\u0107 imaju u [&hellip;]<\/p>\n","protected":false},"author":1,"featured_media":0,"parent":0,"menu_order":0,"comment_status":"closed","ping_status":"closed","template":"","meta":{"_acf_changed":false,"_et_pb_use_builder":"on","_et_pb_old_content":"","_et_gb_content_width":"","footnotes":""},"class_list":["post-421","page","type-page","status-publish","hentry"],"acf":[],"_links":{"self":[{"href":"https:\/\/beleaderprogram.com\/hr\/wp-json\/wp\/v2\/pages\/421","targetHints":{"allow":["GET"]}}],"collection":[{"href":"https:\/\/beleaderprogram.com\/hr\/wp-json\/wp\/v2\/pages"}],"about":[{"href":"https:\/\/beleaderprogram.com\/hr\/wp-json\/wp\/v2\/types\/page"}],"author":[{"embeddable":true,"href":"https:\/\/beleaderprogram.com\/hr\/wp-json\/wp\/v2\/users\/1"}],"replies":[{"embeddable":true,"href":"https:\/\/beleaderprogram.com\/hr\/wp-json\/wp\/v2\/comments?post=421"}],"version-history":[{"count":9,"href":"https:\/\/beleaderprogram.com\/hr\/wp-json\/wp\/v2\/pages\/421\/revisions"}],"predecessor-version":[{"id":627,"href":"https:\/\/beleaderprogram.com\/hr\/wp-json\/wp\/v2\/pages\/421\/revisions\/627"}],"wp:attachment":[{"href":"https:\/\/beleaderprogram.com\/hr\/wp-json\/wp\/v2\/media?parent=421"}],"curies":[{"name":"wp","href":"https:\/\/api.w.org\/{rel}","templated":true}]}}