{"id":419,"date":"2022-03-02T14:37:04","date_gmt":"2022-03-02T14:37:04","guid":{"rendered":"https:\/\/beleaderprogram.com\/?page_id=419"},"modified":"2022-11-24T11:27:00","modified_gmt":"2022-11-24T11:27:00","slug":"o-nama","status":"publish","type":"page","link":"https:\/\/beleaderprogram.com\/hr\/o-nama\/","title":{"rendered":"O nama"},"content":{"rendered":"<p>[et_pb_section fb_built=&#8221;1&#8243; _builder_version=&#8221;4.16&#8243; _module_preset=&#8221;default&#8221; background_image=&#8221;https:\/\/beleaderprogram.com\/wp-content\/uploads\/2021\/09\/carrusel_beLeader_5.png&#8221; custom_margin=&#8221;||||true|false&#8221; custom_padding=&#8221;18%||18%||true|false&#8221; global_colors_info=&#8221;{}&#8221;][et_pb_row _builder_version=&#8221;4.16&#8243; _module_preset=&#8221;default&#8221; global_colors_info=&#8221;{}&#8221;][et_pb_column type=&#8221;4_4&#8243; _builder_version=&#8221;4.16&#8243; _module_preset=&#8221;default&#8221; global_colors_info=&#8221;{}&#8221;][et_pb_text _builder_version=&#8221;4.16&#8243; _module_preset=&#8221;default&#8221; text_font=&#8221;|600|||||||&#8221; text_font_size=&#8221;68px&#8221; text_letter_spacing=&#8221;-5px&#8221; text_orientation=&#8221;center&#8221; background_layout=&#8221;dark&#8221; text_line_height_tablet=&#8221;&#8221; text_line_height_phone=&#8221;1em&#8221; text_line_height_last_edited=&#8221;on|phone&#8221; text_text_shadow_style=&#8221;preset3&#8243; global_colors_info=&#8221;{}&#8221;]Tko smo?[\/et_pb_text][\/et_pb_column][\/et_pb_row][\/et_pb_section][et_pb_section fb_built=&#8221;1&#8243; _builder_version=&#8221;4.16&#8243; _module_preset=&#8221;default&#8221; custom_margin=&#8221;||||false|false&#8221; custom_padding=&#8221;||||false|false&#8221; global_colors_info=&#8221;{}&#8221;][et_pb_row _builder_version=&#8221;4.16&#8243; _module_preset=&#8221;default&#8221; width=&#8221;50%&#8221; width_tablet=&#8221;50%&#8221; width_phone=&#8221;75%&#8221; width_last_edited=&#8221;on|phone&#8221; custom_margin=&#8221;||||false|false&#8221; custom_padding=&#8221;||||false|false&#8221; global_colors_info=&#8221;{}&#8221;][et_pb_column type=&#8221;4_4&#8243; _builder_version=&#8221;4.16&#8243; _module_preset=&#8221;default&#8221; global_colors_info=&#8221;{}&#8221;][et_pb_text _builder_version=&#8221;4.16&#8243; _module_preset=&#8221;default&#8221; text_font_size=&#8221;26px&#8221; text_letter_spacing=&#8221;-1px&#8221; text_line_height=&#8221;1.1em&#8221; text_orientation=&#8221;center&#8221; locked=&#8221;off&#8221; global_colors_info=&#8221;{}&#8221;]<\/p>\n<p><strong>BeLeader<\/strong> je incijativa <a href=\"https:\/\/fundacionparentes.org\/\" target=\"_blank\" rel=\"noopener\"><strong> Zaklada Parentes<\/strong><\/a>, koja u \u0161kolama, promi\u010de jedan vid integrirane formacije pojedinca s kr\u0161\u0107anskim elementima.<\/p>\n<p>[\/et_pb_text][\/et_pb_column][\/et_pb_row][\/et_pb_section][et_pb_section fb_built=&#8221;1&#8243; _builder_version=&#8221;4.16&#8243; _module_preset=&#8221;default&#8221; background_color=&#8221;#e6e6e6&#8243; custom_margin=&#8221;0px||||false|false&#8221; custom_padding=&#8221;||||false|false&#8221; locked=&#8221;off&#8221; global_colors_info=&#8221;{}&#8221;][et_pb_row _builder_version=&#8221;4.16&#8243; _module_preset=&#8221;default&#8221; custom_margin=&#8221;0px||||false|false&#8221; custom_padding=&#8221;||||false|false&#8221; global_colors_info=&#8221;{}&#8221;][et_pb_column type=&#8221;4_4&#8243; _builder_version=&#8221;4.16&#8243; _module_preset=&#8221;default&#8221; global_colors_info=&#8221;{}&#8221;][et_pb_text _builder_version=&#8221;4.19.0&#8243; _module_preset=&#8221;default&#8221; text_font=&#8221;|600|||||||&#8221; text_font_size=&#8221;42px&#8221; text_letter_spacing=&#8221;-1px&#8221; text_line_height=&#8221;1.2em&#8221; text_orientation=&#8221;center&#8221; hover_enabled=&#8221;0&#8243; global_colors_info=&#8221;{}&#8221; sticky_enabled=&#8221;0&#8243;]Ovako BeLeader radi u drugim \u0161kolama[\/et_pb_text][et_pb_video src=&#8221;https:\/\/youtu.be\/878g9Dsbxxw&#8221; play_icon_color=&#8221;RGBA(255,255,255,0)&#8221; thumbnail_overlay_color=&#8221;rgba(0,0,0,0.2)&#8221; _builder_version=&#8221;4.19.0&#8243; _module_preset=&#8221;default&#8221; width=&#8221;70%&#8221; width_tablet=&#8221;70%&#8221; width_phone=&#8221;100%&#8221; width_last_edited=&#8221;on|desktop&#8221; module_alignment=&#8221;center&#8221; hover_enabled=&#8221;0&#8243; global_colors_info=&#8221;{}&#8221; locked=&#8221;off&#8221; sticky_enabled=&#8221;0&#8243;][\/et_pb_video][\/et_pb_column][\/et_pb_row][\/et_pb_section][et_pb_section fb_built=&#8221;1&#8243; _builder_version=&#8221;4.16&#8243; _module_preset=&#8221;default&#8221; background_image=&#8221;https:\/\/beleaderprogram.com\/wp-content\/uploads\/2022\/02\/camino_web_beleader-02.png&#8221; background_last_edited=&#8221;off|phone&#8221; background_size_phone=&#8221;cover&#8221; locked=&#8221;off&#8221; global_colors_info=&#8221;{}&#8221;][et_pb_row column_structure=&#8221;1_2,1_2&#8243; use_custom_gutter=&#8221;on&#8221; gutter_width=&#8221;4&#8243; make_equal=&#8221;on&#8221; _builder_version=&#8221;4.16&#8243; _module_preset=&#8221;default&#8221; width=&#8221;100%&#8221; max_width=&#8221;2560px&#8221; custom_margin=&#8221;||||false|false&#8221; custom_padding=&#8221;||||false|false&#8221; global_colors_info=&#8221;{}&#8221;][et_pb_column type=&#8221;1_2&#8243; _builder_version=&#8221;4.16&#8243; _module_preset=&#8221;default&#8221; custom_padding=&#8221;|10%||10%|false|true&#8221; custom_css_main_element=&#8221;margin: auto;&#8221; global_colors_info=&#8221;{}&#8221;][et_pb_text _builder_version=&#8221;4.16&#8243; _module_preset=&#8221;default&#8221; text_font_size=&#8221;26px&#8221; text_line_height=&#8221;1.2em&#8221; link_text_color=&#8221;gcid-c350c6f7-af13-4433-8bd8-81e7cf74a8e1&#8243; background_color=&#8221;#FFFFFF&#8221; custom_margin=&#8221;auto||auto||true|false&#8221; global_colors_info=&#8221;{%22gcid-c350c6f7-af13-4433-8bd8-81e7cf74a8e1%22:%91%22link_text_color%22%93}&#8221;][\/et_pb_text][et_pb_text _builder_version=&#8221;4.16&#8243; _module_preset=&#8221;default&#8221; text_font_size=&#8221;26px&#8221; text_line_height=&#8221;1.2em&#8221; link_text_color=&#8221;gcid-c350c6f7-af13-4433-8bd8-81e7cf74a8e1&#8243; background_color=&#8221;#FFFFFF&#8221; custom_margin=&#8221;auto||auto||true|false&#8221; locked=&#8221;off&#8221; global_colors_info=&#8221;{%22gcid-c350c6f7-af13-4433-8bd8-81e7cf74a8e1%22:%91%22link_text_color%22%93}&#8221;]<\/p>\n<p><a href=\"https:\/\/Zaklada Parentes.org\/\" target=\"_blank\" rel=\"noopener\"><strong>Zaklada Parentes<\/strong><\/a> osnovana je 2019. godine s ciljem doprinosa modela dru\u0161tvu koje nudi jednake mogu\u0107nosti za sve.<\/p>\n<p><strong>Me\u0111unarodna obrazovna mre\u017ea <\/strong>okuplja \u0161kole u Hrvatskoj, Engleskoj i Ekvadoru.<\/p>\n<p>Osim \u0161to Parentes ima obrazovnu svrhu, tako\u0111er promi\u010de mnoge druge inicijative dru\u0161tvenog karaktera i razvija suradnju u mnogim dijelovima svijeta.<\/p>\n<p>[\/et_pb_text][\/et_pb_column][et_pb_column type=&#8221;1_2&#8243; disabled_on=&#8221;on|on|off&#8221; _builder_version=&#8221;4.16&#8243; _module_preset=&#8221;default&#8221; custom_padding=&#8221;||||false|false&#8221; custom_css_main_element=&#8221;margin: auto;&#8221; global_colors_info=&#8221;{}&#8221;][et_pb_image src=&#8221;https:\/\/beleaderprogram.com\/wp-content\/uploads\/2022\/02\/Bombilla_web_beleader-04.png&#8221; title_text=&#8221;Bombilla_web_beleader-04&#8243; _builder_version=&#8221;4.16&#8243; _module_preset=&#8221;default&#8221; width=&#8221;30%&#8221; module_alignment=&#8221;center&#8221; custom_margin=&#8221;||||false|false&#8221; custom_css_main_element=&#8221;margin-bottom: 0px!important;||position: absolute!important;||bottom: 0px !important;||top: 0;||left: 0;||right: 0;&#8221; global_colors_info=&#8221;{}&#8221;][\/et_pb_image][\/et_pb_column][\/et_pb_row][\/et_pb_section][et_pb_section fb_built=&#8221;1&#8243; _builder_version=&#8221;4.16&#8243; _module_preset=&#8221;default&#8221; background_color=&#8221;#e6e6e6&#8243; custom_margin=&#8221;0px||||false|false&#8221; custom_padding=&#8221;0px||||false|false&#8221; global_colors_info=&#8221;{}&#8221;][et_pb_row _builder_version=&#8221;4.16&#8243; _module_preset=&#8221;default&#8221; custom_margin=&#8221;0px||||false|false&#8221; custom_padding=&#8221;0px||||false|false&#8221; global_colors_info=&#8221;{}&#8221;][et_pb_column type=&#8221;4_4&#8243; _builder_version=&#8221;4.16&#8243; _module_preset=&#8221;default&#8221; global_colors_info=&#8221;{}&#8221;][et_pb_image src=&#8221;https:\/\/beleaderprogram.com\/wp-content\/uploads\/2022\/02\/punta-camino_web_beleader-04.png&#8221; title_text=&#8221;punta-camino_web_beleader-04&#8243; align=&#8221;center&#8221; _builder_version=&#8221;4.16&#8243; _module_preset=&#8221;default&#8221; width=&#8221;7.9vw&#8221; width_tablet=&#8221;16vw&#8221; width_phone=&#8221;29vw&#8221; width_last_edited=&#8221;on|tablet&#8221; custom_margin=&#8221;0px||||false|false&#8221; custom_padding=&#8221;0px||||false|false&#8221; global_colors_info=&#8221;{}&#8221;][\/et_pb_image][et_pb_text _builder_version=&#8221;4.16&#8243; _module_preset=&#8221;default&#8221; text_font=&#8221;|600|||||||&#8221; text_font_size=&#8221;42px&#8221; text_letter_spacing=&#8221;-1px&#8221; text_line_height=&#8221;1.2em&#8221; text_orientation=&#8221;center&#8221; locked=&#8221;off&#8221; global_colors_info=&#8221;{}&#8221;]\u017deli\u0161 bolje<br \/>\nupoznati program?[\/et_pb_text][et_pb_button button_url=&#8221;@ET-DC@eyJkeW5hbWljIjp0cnVlLCJjb250ZW50IjoicG9zdF9saW5rX3VybF9wYWdlIiwic2V0dGluZ3MiOnsicG9zdF9pZCI6IjExNSJ9fQ==@&#8221; button_text=&#8221;Kontaktiraj nas&#8221; button_alignment=&#8221;center&#8221; _builder_version=&#8221;4.16&#8243; _dynamic_attributes=&#8221;button_url&#8221; _module_preset=&#8221;default&#8221; custom_button=&#8221;on&#8221; button_text_size=&#8221;16px&#8221; button_text_color=&#8221;#FFFFFF&#8221; button_bg_color=&#8221;gcid-549a15b0-9c4e-4ad0-b9a6-b5522796de9f&#8221; button_border_width=&#8221;0px&#8221; button_border_radius=&#8221;0px&#8221; global_colors_info=&#8221;{%22gcid-549a15b0-9c4e-4ad0-b9a6-b5522796de9f%22:%91%22button_bg_color%22%93}&#8221;][\/et_pb_button][\/et_pb_column][\/et_pb_row][\/et_pb_section]<\/p>\n","protected":false},"excerpt":{"rendered":"<p>Tko smo?BeLeader je incijativa Zaklada Parentes, koja u \u0161kolama, promi\u010de jedan vid integrirane formacije pojedinca s kr\u0161\u0107anskim elementima.Ovako BeLeader radi u drugim \u0161kolamaZaklada Parentes osnovana je 2019. godine s ciljem doprinosa modela dru\u0161tvu koje nudi jednake mogu\u0107nosti za sve. Me\u0111unarodna obrazovna mre\u017ea okuplja \u0161kole u Hrvatskoj, Engleskoj i Ekvadoru. Osim \u0161to Parentes ima obrazovnu svrhu, [&hellip;]<\/p>\n","protected":false},"author":1,"featured_media":0,"parent":0,"menu_order":0,"comment_status":"closed","ping_status":"closed","template":"","meta":{"_acf_changed":false,"_et_pb_use_builder":"on","_et_pb_old_content":"","_et_gb_content_width":"","footnotes":""},"class_list":["post-419","page","type-page","status-publish","hentry"],"acf":[],"_links":{"self":[{"href":"https:\/\/beleaderprogram.com\/hr\/wp-json\/wp\/v2\/pages\/419","targetHints":{"allow":["GET"]}}],"collection":[{"href":"https:\/\/beleaderprogram.com\/hr\/wp-json\/wp\/v2\/pages"}],"about":[{"href":"https:\/\/beleaderprogram.com\/hr\/wp-json\/wp\/v2\/types\/page"}],"author":[{"embeddable":true,"href":"https:\/\/beleaderprogram.com\/hr\/wp-json\/wp\/v2\/users\/1"}],"replies":[{"embeddable":true,"href":"https:\/\/beleaderprogram.com\/hr\/wp-json\/wp\/v2\/comments?post=419"}],"version-history":[{"count":12,"href":"https:\/\/beleaderprogram.com\/hr\/wp-json\/wp\/v2\/pages\/419\/revisions"}],"predecessor-version":[{"id":1979,"href":"https:\/\/beleaderprogram.com\/hr\/wp-json\/wp\/v2\/pages\/419\/revisions\/1979"}],"wp:attachment":[{"href":"https:\/\/beleaderprogram.com\/hr\/wp-json\/wp\/v2\/media?parent=419"}],"curies":[{"name":"wp","href":"https:\/\/api.w.org\/{rel}","templated":true}]}}