{"id":415,"date":"2022-03-02T14:36:31","date_gmt":"2022-03-02T14:36:31","guid":{"rendered":"https:\/\/beleaderprogram.com\/?page_id=415"},"modified":"2022-11-24T11:27:02","modified_gmt":"2022-11-24T11:27:02","slug":"home","status":"publish","type":"page","link":"https:\/\/beleaderprogram.com\/hr\/","title":{"rendered":"HOME"},"content":{"rendered":"<p>[et_pb_section fb_built=&#8221;1&#8243; _builder_version=&#8221;4.16&#8243; _module_preset=&#8221;default&#8221; background_image=&#8221;https:\/\/beleaderprogram.com\/wp-content\/uploads\/2022\/02\/portada.jpg&#8221; background_position=&#8221;bottom_center&#8221; custom_margin=&#8221;||||true|false&#8221; custom_padding=&#8221;13%||13%||true|false&#8221; locked=&#8221;off&#8221; global_colors_info=&#8221;{}&#8221;][et_pb_row _builder_version=&#8221;4.16&#8243; _module_preset=&#8221;default&#8221; global_colors_info=&#8221;{}&#8221;][et_pb_column type=&#8221;4_4&#8243; _builder_version=&#8221;4.16&#8243; _module_preset=&#8221;default&#8221; global_colors_info=&#8221;{}&#8221;][et_pb_text _builder_version=&#8221;4.16&#8243; _module_preset=&#8221;default&#8221; text_font=&#8221;|600|||||||&#8221; text_font_size=&#8221;100px&#8221; text_letter_spacing=&#8221;-2px&#8221; text_line_height=&#8221;1em&#8221; text_orientation=&#8221;center&#8221; background_layout=&#8221;dark&#8221; text_font_size_tablet=&#8221;68px&#8221; text_font_size_phone=&#8221;50px&#8221; text_font_size_last_edited=&#8221;on|phone&#8221; text_line_height_tablet=&#8221;&#8221; text_line_height_phone=&#8221;1em&#8221; text_line_height_last_edited=&#8221;on|phone&#8221; text_text_shadow_style=&#8221;preset3&#8243; text_text_shadow_color=&#8221;rgba(0,0,0,0.69)&#8221; global_colors_info=&#8221;{}&#8221;]<\/p>\n<p>Pomo\u0107 u formiranju bolje osobnosti<\/p>\n<p>[\/et_pb_text][\/et_pb_column][\/et_pb_row][\/et_pb_section][et_pb_section fb_built=&#8221;1&#8243; _builder_version=&#8221;4.16&#8243; _module_preset=&#8221;default&#8221; background_color=&#8221;#ffde52&#8243; background_image=&#8221;https:\/\/beleaderprogram.com\/wp-content\/uploads\/2022\/02\/camino3_web_beleader-02.png&#8221; background_position=&#8221;top_center&#8221; global_colors_info=&#8221;{}&#8221;][et_pb_row _builder_version=&#8221;4.16&#8243; _module_preset=&#8221;default&#8221; global_colors_info=&#8221;{}&#8221;][et_pb_column type=&#8221;4_4&#8243; _builder_version=&#8221;4.16&#8243; _module_preset=&#8221;default&#8221; global_colors_info=&#8221;{}&#8221;][et_pb_text content_tablet=&#8221;<\/p>\n<p>\u00bfPreparado para ser la<br \/>mejor versi\u00f3n de ti mismo?<\/p>\n<p>&#8221; content_phone=&#8221;\u00bfPreparado para ser la mejor versi\u00f3n de ti mismo?&#8221; content_last_edited=&#8221;off|desktop&#8221; _builder_version=&#8221;4.16&#8243; _module_preset=&#8221;default&#8221; text_font=&#8221;|600|||||||&#8221; text_font_size=&#8221;42px&#8221; text_letter_spacing=&#8221;-2px&#8221; text_line_height=&#8221;1em&#8221; text_orientation=&#8221;center&#8221; text_font_size_tablet=&#8221;42px&#8221; text_font_size_phone=&#8221;36px&#8221; text_font_size_last_edited=&#8221;on|phone&#8221; global_colors_info=&#8221;{}&#8221;]<\/p>\n<p>Jesi li spreman biti najbolja<br \/>verzija samog sebe<\/p>\n<p>[\/et_pb_text][et_pb_video src=&#8221;https:\/\/vimeo.com\/684593405&#8243; image_src=&#8221;https:\/\/beleaderprogram.com\/wp-content\/uploads\/2022\/02\/Video_web_beleader-09.png&#8221; play_icon_color=&#8221;RGBA(255,255,255,0)&#8221; thumbnail_overlay_color=&#8221;rgba(0,0,0,0.2)&#8221; _builder_version=&#8221;4.16&#8243; _module_preset=&#8221;default&#8221; width=&#8221;70%&#8221; width_tablet=&#8221;70%&#8221; width_phone=&#8221;100%&#8221; width_last_edited=&#8221;on|desktop&#8221; module_alignment=&#8221;center&#8221; global_colors_info=&#8221;{}&#8221;][\/et_pb_video][et_pb_text _builder_version=&#8221;4.16&#8243; _module_preset=&#8221;default&#8221; text_font_size=&#8221;26px&#8221; text_line_height=&#8221;1.2em&#8221; text_orientation=&#8221;center&#8221; global_colors_info=&#8221;{}&#8221;]<strong>BeLeader<\/strong> je edukativni program omi\u0161ljen da pomogne u\u010denicima da napreduju kao ljudi.Provodi se u \u0161koli kroz sve etape obrazovanja, od pred\u0161kolske preko osnovno\u0161kolske do srednjo\u0161kolske dobi. To je program koji nadopunjuje akademsko obrazovanje i koji strukturira i obuhva\u0107a mno\u0161tvo aspekata obrazovanja koji pru\u017eaju u\u010denicima mogu\u0107nost vlastite promjene.A to je da ih se iz razli\u010ditih pristupa poti\u010de na borbu da postanu najbolja verzija sebe.<\/p>\n<p><strong>BeLeader<\/strong> pridaje veliku vrijednost \u0161kolskom obrazovnom sustavu.[\/et_pb_text][\/et_pb_column][\/et_pb_row][\/et_pb_section][et_pb_section fb_built=&#8221;1&#8243; _builder_version=&#8221;4.16&#8243; _module_preset=&#8221;default&#8221; background_color=&#8221;#e6e6e6&#8243; custom_margin=&#8221;0px||||false|false&#8221; custom_padding=&#8221;||||false|false&#8221; locked=&#8221;off&#8221; global_colors_info=&#8221;{}&#8221;][et_pb_row _builder_version=&#8221;4.16&#8243; _module_preset=&#8221;default&#8221; custom_margin=&#8221;0px||||false|false&#8221; custom_padding=&#8221;||||false|false&#8221; global_colors_info=&#8221;{}&#8221;][et_pb_column type=&#8221;4_4&#8243; _builder_version=&#8221;4.16&#8243; _module_preset=&#8221;default&#8221; global_colors_info=&#8221;{}&#8221;][et_pb_text _builder_version=&#8221;4.19.0&#8243; _module_preset=&#8221;default&#8221; text_font=&#8221;|600|||||||&#8221; text_font_size=&#8221;42px&#8221; text_letter_spacing=&#8221;-1px&#8221; text_line_height=&#8221;1.2em&#8221; text_orientation=&#8221;center&#8221; hover_enabled=&#8221;0&#8243; global_colors_info=&#8221;{}&#8221; sticky_enabled=&#8221;0&#8243;]Ovako BeLeader radi u drugim \u0161kolama[\/et_pb_text][et_pb_video src=&#8221;https:\/\/youtu.be\/878g9Dsbxxw&#8221; play_icon_color=&#8221;RGBA(255,255,255,0)&#8221; thumbnail_overlay_color=&#8221;rgba(0,0,0,0.2)&#8221; _builder_version=&#8221;4.19.0&#8243; _module_preset=&#8221;default&#8221; width=&#8221;70%&#8221; width_tablet=&#8221;70%&#8221; width_phone=&#8221;100%&#8221; width_last_edited=&#8221;on|desktop&#8221; module_alignment=&#8221;center&#8221; hover_enabled=&#8221;0&#8243; global_colors_info=&#8221;{}&#8221; locked=&#8221;off&#8221; sticky_enabled=&#8221;0&#8243;][\/et_pb_video][\/et_pb_column][\/et_pb_row][\/et_pb_section][et_pb_section fb_built=&#8221;1&#8243; _builder_version=&#8221;4.16&#8243; _module_preset=&#8221;default&#8221; global_colors_info=&#8221;{}&#8221;][et_pb_row _builder_version=&#8221;4.16&#8243; _module_preset=&#8221;default&#8221; global_colors_info=&#8221;{}&#8221;][et_pb_column type=&#8221;4_4&#8243; _builder_version=&#8221;4.16&#8243; _module_preset=&#8221;default&#8221; global_colors_info=&#8221;{}&#8221;][et_pb_text _builder_version=&#8221;4.16&#8243; _module_preset=&#8221;default&#8221; text_font=&#8221;|600|||||||&#8221; text_font_size=&#8221;42px&#8221; text_letter_spacing=&#8221;-2px&#8221; text_line_height=&#8221;1.2em&#8221; text_orientation=&#8221;center&#8221; global_colors_info=&#8221;{}&#8221;]Podru\u010dja[\/et_pb_text][et_pb_text _builder_version=&#8221;4.16&#8243; _module_preset=&#8221;default&#8221; text_font_size=&#8221;26px&#8221; text_letter_spacing=&#8221;-1px&#8221; text_line_height=&#8221;1em&#8221; text_orientation=&#8221;center&#8221; global_colors_info=&#8221;{}&#8221;]Program se odvija kroz tri podru\u010dja:[\/et_pb_text][\/et_pb_column][\/et_pb_row][et_pb_row column_structure=&#8221;1_3,1_3,1_3&#8243; _builder_version=&#8221;4.16&#8243; _module_preset=&#8221;default&#8221; global_colors_info=&#8221;{}&#8221;][et_pb_column type=&#8221;1_3&#8243; _builder_version=&#8221;4.16&#8243; _module_preset=&#8221;default&#8221; global_colors_info=&#8221;{}&#8221;][et_pb_image src=&#8221;https:\/\/beleaderprogram.com\/wp-content\/uploads\/2022\/02\/Bombilla_web_beleader-04.png&#8221; title_text=&#8221;Bombilla_web_beleader-04&#8243; _builder_version=&#8221;4.16&#8243; _module_preset=&#8221;default&#8221; width=&#8221;100px&#8221; module_alignment=&#8221;center&#8221; global_colors_info=&#8221;{}&#8221;][\/et_pb_image][et_pb_text _builder_version=&#8221;4.16&#8243; _module_preset=&#8221;default&#8221; text_font_size=&#8221;26px&#8221; text_letter_spacing=&#8221;-1px&#8221; text_line_height=&#8221;1em&#8221; text_orientation=&#8221;center&#8221; global_colors_info=&#8221;{}&#8221;]Razvoj osobnih i profesionalnih kompetencija[\/et_pb_text][et_pb_button button_url=&#8221;@ET-DC@eyJkeW5hbWljIjp0cnVlLCJjb250ZW50IjoicG9zdF9saW5rX3VybF9wYWdlIiwic2V0dGluZ3MiOnsicG9zdF9pZCI6IjEwOSJ9fQ==@&#8221; button_text=&#8221;+Informacije&#8221; button_alignment=&#8221;center&#8221; _builder_version=&#8221;4.16&#8243; _dynamic_attributes=&#8221;button_url&#8221; _module_preset=&#8221;default&#8221; custom_button=&#8221;on&#8221; button_text_size=&#8221;16px&#8221; button_text_color=&#8221;#FFFFFF&#8221; button_bg_color=&#8221;gcid-549a15b0-9c4e-4ad0-b9a6-b5522796de9f&#8221; button_border_width=&#8221;0px&#8221; button_border_radius=&#8221;0px&#8221; locked=&#8221;off&#8221; global_colors_info=&#8221;{%22gcid-549a15b0-9c4e-4ad0-b9a6-b5522796de9f%22:%91%22button_bg_color%22%93}&#8221;][\/et_pb_button][\/et_pb_column][et_pb_column type=&#8221;1_3&#8243; _builder_version=&#8221;4.16&#8243; _module_preset=&#8221;default&#8221; global_colors_info=&#8221;{}&#8221;][et_pb_image src=&#8221;https:\/\/beleaderprogram.com\/wp-content\/uploads\/2022\/02\/cara_icon_web_beleader-04.png&#8221; title_text=&#8221;cara_icon_web_beleader-04&#8243; _builder_version=&#8221;4.16&#8243; _module_preset=&#8221;default&#8221; width=&#8221;100px&#8221; module_alignment=&#8221;center&#8221; global_colors_info=&#8221;{}&#8221;][\/et_pb_image][et_pb_text _builder_version=&#8221;4.16&#8243; _module_preset=&#8221;default&#8221; text_font_size=&#8221;26px&#8221; text_letter_spacing=&#8221;-1px&#8221; text_line_height=&#8221;1em&#8221; text_orientation=&#8221;center&#8221; global_colors_info=&#8221;{}&#8221;]Pobolj\u0161anje karaktera kroz ljudsku i kr\u0161\u0107ansku formaciju.[\/et_pb_text][et_pb_button button_url=&#8221;@ET-DC@eyJkeW5hbWljIjp0cnVlLCJjb250ZW50IjoicG9zdF9saW5rX3VybF9wYWdlIiwic2V0dGluZ3MiOnsicG9zdF9pZCI6IjExMyJ9fQ==@&#8221; button_text=&#8221;+ Informacije&#8221; button_alignment=&#8221;center&#8221; _builder_version=&#8221;4.16&#8243; _dynamic_attributes=&#8221;button_url&#8221; _module_preset=&#8221;default&#8221; custom_button=&#8221;on&#8221; button_text_size=&#8221;16px&#8221; button_text_color=&#8221;#FFFFFF&#8221; button_bg_color=&#8221;gcid-549a15b0-9c4e-4ad0-b9a6-b5522796de9f&#8221; button_border_width=&#8221;0px&#8221; button_border_radius=&#8221;0px&#8221; locked=&#8221;off&#8221; global_colors_info=&#8221;{%22gcid-549a15b0-9c4e-4ad0-b9a6-b5522796de9f%22:%91%22button_bg_color%22%93}&#8221;][\/et_pb_button][\/et_pb_column][et_pb_column type=&#8221;1_3&#8243; _builder_version=&#8221;4.16&#8243; _module_preset=&#8221;default&#8221; global_colors_info=&#8221;{}&#8221;][et_pb_image src=&#8221;https:\/\/beleaderprogram.com\/wp-content\/uploads\/2022\/02\/arteycultura_icon_web_beleader-04.png&#8221; title_text=&#8221;arteycultura_icon_web_beleader-04&#8243; _builder_version=&#8221;4.16&#8243; _module_preset=&#8221;default&#8221; width=&#8221;100px&#8221; module_alignment=&#8221;center&#8221; global_colors_info=&#8221;{}&#8221;][\/et_pb_image][et_pb_text _builder_version=&#8221;4.16&#8243; _module_preset=&#8221;default&#8221; text_font_size=&#8221;26px&#8221; text_letter_spacing=&#8221;-1px&#8221; text_line_height=&#8221;1em&#8221; text_orientation=&#8221;center&#8221; global_colors_info=&#8221;{}&#8221;]Kulturni i<br \/>\numjetni\u010dki<br \/>\nrazvoj[\/et_pb_text][et_pb_button button_url=&#8221;@ET-DC@eyJkeW5hbWljIjp0cnVlLCJjb250ZW50IjoicG9zdF9saW5rX3VybF9wYWdlIiwic2V0dGluZ3MiOnsicG9zdF9pZCI6IjExMSJ9fQ==@&#8221; button_text=&#8221;+ Informacije&#8221; button_alignment=&#8221;center&#8221; _builder_version=&#8221;4.16&#8243; _dynamic_attributes=&#8221;button_url&#8221; _module_preset=&#8221;default&#8221; custom_button=&#8221;on&#8221; button_text_size=&#8221;16px&#8221; button_text_color=&#8221;#FFFFFF&#8221; button_bg_color=&#8221;gcid-549a15b0-9c4e-4ad0-b9a6-b5522796de9f&#8221; button_border_width=&#8221;0px&#8221; button_border_radius=&#8221;0px&#8221; locked=&#8221;off&#8221; global_colors_info=&#8221;{%22gcid-549a15b0-9c4e-4ad0-b9a6-b5522796de9f%22:%91%22button_bg_color%22%93}&#8221;][\/et_pb_button][\/et_pb_column][\/et_pb_row][\/et_pb_section][et_pb_section fb_built=&#8221;1&#8243; _builder_version=&#8221;4.16&#8243; _module_preset=&#8221;default&#8221; background_color=&#8221;#e6e6e6&#8243; custom_margin=&#8221;0px||||false|false&#8221; custom_padding=&#8221;||||false|false&#8221; locked=&#8221;off&#8221; global_colors_info=&#8221;{}&#8221;][et_pb_row _builder_version=&#8221;4.16&#8243; _module_preset=&#8221;default&#8221; custom_margin=&#8221;0px||||false|false&#8221; custom_padding=&#8221;||||false|false&#8221; global_colors_info=&#8221;{}&#8221;][et_pb_column type=&#8221;4_4&#8243; _builder_version=&#8221;4.16&#8243; _module_preset=&#8221;default&#8221; global_colors_info=&#8221;{}&#8221;][et_pb_image src=&#8221;https:\/\/beleaderprogram.com\/wp-content\/uploads\/2022\/02\/flecha_web_beleader-04.png&#8221; title_text=&#8221;flecha_web_beleader-04&#8243; align=&#8221;center&#8221; _builder_version=&#8221;4.16&#8243; _module_preset=&#8221;default&#8221; width=&#8221;7.9vw&#8221; width_tablet=&#8221;16vw&#8221; width_phone=&#8221;29vw&#8221; width_last_edited=&#8221;on|tablet&#8221; custom_margin=&#8221;0px||||false|false&#8221; custom_padding=&#8221;0px||||false|false&#8221; global_colors_info=&#8221;{}&#8221;][\/et_pb_image][et_pb_text _builder_version=&#8221;4.16&#8243; _module_preset=&#8221;default&#8221; text_font=&#8221;|600|||||||&#8221; text_font_size=&#8221;42px&#8221; text_letter_spacing=&#8221;-1px&#8221; text_line_height=&#8221;1.2em&#8221; text_orientation=&#8221;center&#8221; global_colors_info=&#8221;{}&#8221;]\u017deli\u0161 bolje<br \/>\nupoznati program?[\/et_pb_text][et_pb_button button_url=&#8221;@ET-DC@eyJkeW5hbWljIjp0cnVlLCJjb250ZW50IjoicG9zdF9saW5rX3VybF9wYWdlIiwic2V0dGluZ3MiOnsicG9zdF9pZCI6IjExNSJ9fQ==@&#8221; button_text=&#8221;Kontaktiraj nas&#8221; button_alignment=&#8221;center&#8221; _builder_version=&#8221;4.16&#8243; _dynamic_attributes=&#8221;button_url&#8221; _module_preset=&#8221;default&#8221; custom_button=&#8221;on&#8221; button_text_size=&#8221;16px&#8221; button_text_color=&#8221;#FFFFFF&#8221; button_bg_color=&#8221;gcid-549a15b0-9c4e-4ad0-b9a6-b5522796de9f&#8221; button_border_width=&#8221;0px&#8221; button_border_radius=&#8221;0px&#8221; global_colors_info=&#8221;{%22gcid-549a15b0-9c4e-4ad0-b9a6-b5522796de9f%22:%91%22button_bg_color%22%93}&#8221;][\/et_pb_button][\/et_pb_column][\/et_pb_row][\/et_pb_section]<\/p>\n","protected":false},"excerpt":{"rendered":"<p>Pomo\u0107 u formiranju bolje osobnostiJesi li spreman biti najboljaverzija samog sebeBeLeader je edukativni program omi\u0161ljen da pomogne u\u010denicima da napreduju kao ljudi.Provodi se u \u0161koli kroz sve etape obrazovanja, od pred\u0161kolske preko osnovno\u0161kolske do srednjo\u0161kolske dobi. To je program koji nadopunjuje akademsko obrazovanje i koji strukturira i obuhva\u0107a mno\u0161tvo aspekata obrazovanja koji pru\u017eaju u\u010denicima mogu\u0107nost [&hellip;]<\/p>\n","protected":false},"author":1,"featured_media":0,"parent":0,"menu_order":0,"comment_status":"closed","ping_status":"closed","template":"","meta":{"_acf_changed":false,"_et_pb_use_builder":"on","_et_pb_old_content":"[et_pb_section fb_built=\"1\" _builder_version=\"4.14.8\" _module_preset=\"default\" background_image=\"https:\/\/beleaderprogram.com\/wp-content\/uploads\/2022\/02\/portada.jpg\" background_position=\"bottom_center\" custom_margin=\"||||true|false\" custom_padding=\"13%||13%||true|false\" locked=\"off\" global_colors_info=\"{}\"][et_pb_row _builder_version=\"4.14.8\" _module_preset=\"default\" global_colors_info=\"{}\"][et_pb_column type=\"4_4\" _builder_version=\"4.14.8\" _module_preset=\"default\" global_colors_info=\"{}\"][et_pb_text _builder_version=\"4.14.8\" _module_preset=\"default\" text_font=\"|600|||||||\" text_font_size=\"100px\" text_letter_spacing=\"-2px\" text_line_height=\"1em\" text_orientation=\"center\" background_layout=\"dark\" text_font_size_tablet=\"68px\" text_font_size_phone=\"50px\" text_font_size_last_edited=\"on|phone\" text_line_height_tablet=\"\" text_line_height_phone=\"1em\" text_line_height_last_edited=\"on|phone\" text_text_shadow_style=\"preset3\" text_text_shadow_color=\"rgba(0,0,0,0.69)\" global_colors_info=\"{}\"]<p>Ayudando a formar<br \/>mejores personas<\/p>[\/et_pb_text][\/et_pb_column][\/et_pb_row][\/et_pb_section][et_pb_section fb_built=\"1\" _builder_version=\"4.14.8\" _module_preset=\"default\" background_color=\"#ffde52\" background_image=\"https:\/\/beleaderprogram.com\/wp-content\/uploads\/2022\/02\/camino3_web_beleader-02.png\" hover_enabled=\"0\" global_colors_info=\"{}\" background_position=\"top_center\" sticky_enabled=\"0\"][et_pb_row _builder_version=\"4.14.8\" _module_preset=\"default\" global_colors_info=\"{}\"][et_pb_column type=\"4_4\" _builder_version=\"4.14.8\" _module_preset=\"default\" global_colors_info=\"{}\"][et_pb_text content_tablet=\"<p>\u00bfPreparado para ser la<br \/>mejor versi\u00f3n de ti mismo?<\/p>\" content_phone=\"\u00bfPreparado para ser la mejor versi\u00f3n de ti mismo?\" content_last_edited=\"on|phone\" _builder_version=\"4.14.8\" _module_preset=\"default\" text_font=\"|600|||||||\" text_font_size=\"42px\" text_letter_spacing=\"-2px\" text_line_height=\"1em\" text_orientation=\"center\" text_font_size_tablet=\"42px\" text_font_size_phone=\"36px\" text_font_size_last_edited=\"on|phone\" global_colors_info=\"{}\"]<p>\u00bfPreparado para ser la<br \/>mejor versi\u00f3n de ti mismo?<\/p>[\/et_pb_text][et_pb_video src=\"https:\/\/vimeo.com\/680465718\" image_src=\"https:\/\/beleaderprogram.com\/wp-content\/uploads\/2022\/02\/Video_web_beleader-09.png\" play_icon_color=\"RGBA(255,255,255,0)\" thumbnail_overlay_color=\"rgba(0,0,0,0.2)\" _builder_version=\"4.14.8\" _module_preset=\"default\" width=\"70%\" width_tablet=\"70%\" width_phone=\"100%\" width_last_edited=\"on|desktop\" module_alignment=\"center\" global_colors_info=\"{}\"][\/et_pb_video][et_pb_text _builder_version=\"4.14.8\" _module_preset=\"default\" text_font_size=\"26px\" text_line_height=\"1.2em\" text_orientation=\"center\" global_colors_info=\"{}\"]<p><span><strong>BeLeader<\/strong> es un programa educativo ideado para ayudar a los alumnos a mejorar como personas. Se imparte en el propio colegio a lo largo de toda la\u00a0etapa escolar, desde infantil hasta bachillerato. Es un programa que complementa la formaci\u00f3n acad\u00e9mica y que estructura y engloba multitud de aspectos formativos que causan un efecto transformador en los alumnos. Y es que desde diversos enfoques se les anima a luchar por convertirse en la mejor versi\u00f3n de s\u00ed mismos. Por todo esto, <strong>BeLeader<\/strong> aporta un gran valor al proyecto educativo del colegio.<\/span><\/p>[\/et_pb_text][\/et_pb_column][\/et_pb_row][\/et_pb_section][et_pb_section fb_built=\"1\" _builder_version=\"4.14.8\" _module_preset=\"default\" global_colors_info=\"{}\"][et_pb_row _builder_version=\"4.14.8\" _module_preset=\"default\" global_colors_info=\"{}\"][et_pb_column type=\"4_4\" _builder_version=\"4.14.8\" _module_preset=\"default\" global_colors_info=\"{}\"][et_pb_text _builder_version=\"4.14.8\" _module_preset=\"default\" text_font=\"|600|||||||\" text_font_size=\"42px\" text_letter_spacing=\"-2px\" text_line_height=\"1.2em\" text_orientation=\"center\" global_colors_info=\"{}\"]<p>\u00c1reas\u00a0<\/p>[\/et_pb_text][et_pb_text _builder_version=\"4.14.8\" _module_preset=\"default\" text_font_size=\"26px\" text_letter_spacing=\"-1px\" text_line_height=\"1em\" text_orientation=\"center\" global_colors_info=\"{}\"]<p>El programa se articula en 3 \u00e1reas principalmente:<\/p>[\/et_pb_text][\/et_pb_column][\/et_pb_row][et_pb_row column_structure=\"1_3,1_3,1_3\" _builder_version=\"4.14.8\" _module_preset=\"default\" global_colors_info=\"{}\"][et_pb_column type=\"1_3\" _builder_version=\"4.14.8\" _module_preset=\"default\" global_colors_info=\"{}\"][et_pb_image src=\"https:\/\/beleaderprogram.com\/wp-content\/uploads\/2022\/02\/Bombilla_web_beleader-04.png\" title_text=\"Bombilla_web_beleader-04\" _builder_version=\"4.14.8\" _module_preset=\"default\" width=\"100px\" module_alignment=\"center\" global_colors_info=\"{}\"][\/et_pb_image][et_pb_text _builder_version=\"4.14.8\" _module_preset=\"default\" text_font_size=\"26px\" text_letter_spacing=\"-1px\" text_line_height=\"1em\" text_orientation=\"center\" global_colors_info=\"{}\"]<p>El desarrollo de las competencias personales y profesionales.<\/p>[\/et_pb_text][et_pb_button button_url=\"@ET-DC@eyJkeW5hbWljIjp0cnVlLCJjb250ZW50IjoicG9zdF9saW5rX3VybF9wYWdlIiwic2V0dGluZ3MiOnsicG9zdF9pZCI6IjEwOSJ9fQ==@\" button_text=\"+ informaci\u00f3n\" button_alignment=\"center\" _builder_version=\"4.14.8\" _dynamic_attributes=\"button_url\" _module_preset=\"default\" custom_button=\"on\" button_text_size=\"16px\" button_text_color=\"#FFFFFF\" button_bg_color=\"gcid-549a15b0-9c4e-4ad0-b9a6-b5522796de9f\" button_border_width=\"0px\" button_border_radius=\"0px\" locked=\"off\" global_colors_info=\"{%22gcid-549a15b0-9c4e-4ad0-b9a6-b5522796de9f%22:%91%22button_bg_color%22%93}\"][\/et_pb_button][\/et_pb_column][et_pb_column type=\"1_3\" _builder_version=\"4.14.8\" _module_preset=\"default\" global_colors_info=\"{}\"][et_pb_image src=\"https:\/\/beleaderprogram.com\/wp-content\/uploads\/2022\/02\/cara_icon_web_beleader-04.png\" title_text=\"cara_icon_web_beleader-04\" _builder_version=\"4.14.8\" _module_preset=\"default\" width=\"100px\" module_alignment=\"center\" global_colors_info=\"{}\"][\/et_pb_image][et_pb_text _builder_version=\"4.14.8\" _module_preset=\"default\" text_font_size=\"26px\" text_letter_spacing=\"-1px\" text_line_height=\"1em\" text_orientation=\"center\" global_colors_info=\"{}\"]<p>La mejora del car\u00e1cter a trav\u00e9s de una formaci\u00f3n humana y espiritual.<\/p>[\/et_pb_text][et_pb_button button_url=\"@ET-DC@eyJkeW5hbWljIjp0cnVlLCJjb250ZW50IjoicG9zdF9saW5rX3VybF9wYWdlIiwic2V0dGluZ3MiOnsicG9zdF9pZCI6IjExMyJ9fQ==@\" button_text=\"+ informaci\u00f3n\" button_alignment=\"center\" _builder_version=\"4.14.8\" _dynamic_attributes=\"button_url\" _module_preset=\"default\" custom_button=\"on\" button_text_size=\"16px\" button_text_color=\"#FFFFFF\" button_bg_color=\"gcid-549a15b0-9c4e-4ad0-b9a6-b5522796de9f\" button_border_width=\"0px\" button_border_radius=\"0px\" locked=\"off\" global_colors_info=\"{%22gcid-549a15b0-9c4e-4ad0-b9a6-b5522796de9f%22:%91%22button_bg_color%22%93}\"][\/et_pb_button][\/et_pb_column][et_pb_column type=\"1_3\" _builder_version=\"4.14.8\" _module_preset=\"default\" global_colors_info=\"{}\"][et_pb_image src=\"https:\/\/beleaderprogram.com\/wp-content\/uploads\/2022\/02\/arteycultura_icon_web_beleader-04.png\" title_text=\"arteycultura_icon_web_beleader-04\" _builder_version=\"4.14.8\" _module_preset=\"default\" width=\"100px\" module_alignment=\"center\" global_colors_info=\"{}\"][\/et_pb_image][et_pb_text _builder_version=\"4.14.8\" _module_preset=\"default\" text_font_size=\"26px\" text_letter_spacing=\"-1px\" text_line_height=\"1em\" text_orientation=\"center\" global_colors_info=\"{}\"]<p>El desarrollo de una mayor sensibilidad art\u00edstica y cultural.<\/p>[\/et_pb_text][et_pb_button button_url=\"@ET-DC@eyJkeW5hbWljIjp0cnVlLCJjb250ZW50IjoicG9zdF9saW5rX3VybF9wYWdlIiwic2V0dGluZ3MiOnsicG9zdF9pZCI6IjExMSJ9fQ==@\" button_text=\"+ informaci\u00f3n\" button_alignment=\"center\" _builder_version=\"4.14.8\" _dynamic_attributes=\"button_url\" _module_preset=\"default\" custom_button=\"on\" button_text_size=\"16px\" button_text_color=\"#FFFFFF\" button_bg_color=\"gcid-549a15b0-9c4e-4ad0-b9a6-b5522796de9f\" button_border_width=\"0px\" button_border_radius=\"0px\" locked=\"off\" global_colors_info=\"{%22gcid-549a15b0-9c4e-4ad0-b9a6-b5522796de9f%22:%91%22button_bg_color%22%93}\"][\/et_pb_button][\/et_pb_column][\/et_pb_row][\/et_pb_section][et_pb_section fb_built=\"1\" _builder_version=\"4.14.8\" _module_preset=\"default\" background_color=\"#e6e6e6\" custom_margin=\"0px||||false|false\" custom_padding=\"||||false|false\" locked=\"off\" global_colors_info=\"{}\"][et_pb_row _builder_version=\"4.14.8\" _module_preset=\"default\" custom_margin=\"0px||||false|false\" custom_padding=\"||||false|false\" global_colors_info=\"{}\"][et_pb_column type=\"4_4\" _builder_version=\"4.14.8\" _module_preset=\"default\" global_colors_info=\"{}\"][et_pb_image src=\"https:\/\/beleaderprogram.com\/wp-content\/uploads\/2022\/02\/flecha_web_beleader-04.png\" title_text=\"flecha_web_beleader-04\" align=\"center\" _builder_version=\"4.14.8\" _module_preset=\"default\" width=\"7.9vw\" width_tablet=\"16vw\" width_phone=\"29vw\" width_last_edited=\"on|tablet\" custom_margin=\"0px||||false|false\" custom_padding=\"0px||||false|false\" global_colors_info=\"{}\"][\/et_pb_image][et_pb_text _builder_version=\"4.14.8\" _module_preset=\"default\" text_font=\"|600|||||||\" text_font_size=\"42px\" text_letter_spacing=\"-1px\" text_line_height=\"1.2em\" text_orientation=\"center\" global_colors_info=\"{}\"]\u00bfQuieres conocer\r\nmejor el programa?[\/et_pb_text][et_pb_button button_url=\"@ET-DC@eyJkeW5hbWljIjp0cnVlLCJjb250ZW50IjoicG9zdF9saW5rX3VybF9wYWdlIiwic2V0dGluZ3MiOnsicG9zdF9pZCI6IjExNSJ9fQ==@\" button_text=\"Contacta con nosotros\" button_alignment=\"center\" _builder_version=\"4.14.8\" _dynamic_attributes=\"button_url\" _module_preset=\"default\" custom_button=\"on\" button_text_size=\"16px\" button_text_color=\"#FFFFFF\" button_bg_color=\"gcid-549a15b0-9c4e-4ad0-b9a6-b5522796de9f\" button_border_width=\"0px\" button_border_radius=\"0px\" global_colors_info=\"{%22gcid-549a15b0-9c4e-4ad0-b9a6-b5522796de9f%22:%91%22button_bg_color%22%93}\"][\/et_pb_button][\/et_pb_column][\/et_pb_row][\/et_pb_section]","_et_gb_content_width":"","footnotes":""},"class_list":["post-415","page","type-page","status-publish","hentry"],"acf":[],"_links":{"self":[{"href":"https:\/\/beleaderprogram.com\/hr\/wp-json\/wp\/v2\/pages\/415","targetHints":{"allow":["GET"]}}],"collection":[{"href":"https:\/\/beleaderprogram.com\/hr\/wp-json\/wp\/v2\/pages"}],"about":[{"href":"https:\/\/beleaderprogram.com\/hr\/wp-json\/wp\/v2\/types\/page"}],"author":[{"embeddable":true,"href":"https:\/\/beleaderprogram.com\/hr\/wp-json\/wp\/v2\/users\/1"}],"replies":[{"embeddable":true,"href":"https:\/\/beleaderprogram.com\/hr\/wp-json\/wp\/v2\/comments?post=415"}],"version-history":[{"count":9,"href":"https:\/\/beleaderprogram.com\/hr\/wp-json\/wp\/v2\/pages\/415\/revisions"}],"predecessor-version":[{"id":1980,"href":"https:\/\/beleaderprogram.com\/hr\/wp-json\/wp\/v2\/pages\/415\/revisions\/1980"}],"wp:attachment":[{"href":"https:\/\/beleaderprogram.com\/hr\/wp-json\/wp\/v2\/media?parent=415"}],"curies":[{"name":"wp","href":"https:\/\/api.w.org\/{rel}","templated":true}]}}