{"id":411,"date":"2022-03-02T14:35:51","date_gmt":"2022-03-02T14:35:51","guid":{"rendered":"https:\/\/beleaderprogram.com\/?page_id=411"},"modified":"2022-03-29T10:36:31","modified_gmt":"2022-03-29T10:36:31","slug":"kultura","status":"publish","type":"page","link":"https:\/\/beleaderprogram.com\/hr\/kultura\/","title":{"rendered":"Kultura"},"content":{"rendered":"<p>[et_pb_section fb_built=&#8221;1&#8243; _builder_version=&#8221;4.14.8&#8243; _module_preset=&#8221;default&#8221; background_color=&#8221;RGBA(255,255,255,0)&#8221; background_image=&#8221;https:\/\/beleaderprogram.com\/wp-content\/uploads\/2021\/09\/carrusel_beLeader_6.png&#8221; custom_margin=&#8221;||||true|false&#8221; custom_padding=&#8221;18%||18%||true|false&#8221; global_colors_info=&#8221;{}&#8221;][et_pb_row _builder_version=&#8221;4.14.8&#8243; _module_preset=&#8221;default&#8221; global_colors_info=&#8221;{}&#8221;][et_pb_column type=&#8221;4_4&#8243; _builder_version=&#8221;4.14.8&#8243; _module_preset=&#8221;default&#8221; global_colors_info=&#8221;{}&#8221;][et_pb_text _builder_version=&#8221;4.14.8&#8243; _module_preset=&#8221;default&#8221; text_font=&#8221;|600|||||||&#8221; text_font_size=&#8221;68px&#8221; text_letter_spacing=&#8221;-5px&#8221; text_line_height=&#8221;1em&#8221; text_orientation=&#8221;center&#8221; background_layout=&#8221;dark&#8221; text_font_size_tablet=&#8221;68px&#8221; text_font_size_phone=&#8221;50px&#8221; text_font_size_last_edited=&#8221;on|phone&#8221; text_line_height_tablet=&#8221;&#8221; text_line_height_phone=&#8221;1em&#8221; text_line_height_last_edited=&#8221;on|phone&#8221; text_text_shadow_style=&#8221;preset3&#8243; global_colors_info=&#8221;{}&#8221;]<span style=\"color: #000000;\">Budi osjetljiv :<\/span><br \/>\nKulturni i umjetni\u010dki razvoj[\/et_pb_text][\/et_pb_column][\/et_pb_row][\/et_pb_section][et_pb_section fb_built=&#8221;1&#8243; _builder_version=&#8221;4.14.8&#8243; _module_preset=&#8221;default&#8221; custom_margin=&#8221;||||false|false&#8221; custom_padding=&#8221;||||false|false&#8221; global_colors_info=&#8221;{}&#8221;][et_pb_row _builder_version=&#8221;4.14.8&#8243; _module_preset=&#8221;default&#8221; width=&#8221;50%&#8221; width_tablet=&#8221;50%&#8221; width_phone=&#8221;75%&#8221; width_last_edited=&#8221;on|phone&#8221; custom_margin=&#8221;||||false|false&#8221; custom_padding=&#8221;||||false|false&#8221; global_colors_info=&#8221;{}&#8221;][et_pb_column type=&#8221;4_4&#8243; _builder_version=&#8221;4.14.8&#8243; _module_preset=&#8221;default&#8221; global_colors_info=&#8221;{}&#8221;][et_pb_text _builder_version=&#8221;4.14.8&#8243; _module_preset=&#8221;default&#8221; text_font_size=&#8221;26px&#8221; text_letter_spacing=&#8221;-1px&#8221; text_line_height=&#8221;1.1em&#8221; text_orientation=&#8221;center&#8221; global_colors_info=&#8221;{}&#8221;]<strong>BeLeader<\/strong> \u017eeli posebno potaknuti razvoj umjetni\u010dke i kulturne osjetljivosti kod u\u010denika. To se razvija kroz organiziranje izvannastavnih aktivnosti na kulturnom podru\u010dju (posjet kinu, kazali\u0161tu, muzeju, botani\u010dkom vrtu)<\/p>\n<p>Konkretno, <strong>BeLeader<\/strong> program fokusiran je na tri umjetni\u010dka podru\u010dja: glazbena, dramska i plasti\u010dna umjetnost.[\/et_pb_text][\/et_pb_column][\/et_pb_row][\/et_pb_section][et_pb_section fb_built=&#8221;1&#8243; _builder_version=&#8221;4.14.8&#8243; _module_preset=&#8221;default&#8221; background_image=&#8221;https:\/\/beleaderprogram.com\/wp-content\/uploads\/2022\/02\/camino_web_beleader-02.png&#8221; custom_margin=&#8221;||||false|false&#8221; custom_padding=&#8221;5%||5%||true|false&#8221; global_colors_info=&#8221;{}&#8221;][et_pb_row column_structure=&#8221;1_2,1_2&#8243; use_custom_gutter=&#8221;on&#8221; gutter_width=&#8221;4&#8243; make_equal=&#8221;on&#8221; custom_padding_last_edited=&#8221;on|desktop&#8221; _builder_version=&#8221;4.14.8&#8243; _module_preset=&#8221;default&#8221; custom_margin=&#8221;0px||||false|false&#8221; custom_padding=&#8221;0px||||false|false&#8221; custom_padding_tablet=&#8221;0px||||false|false&#8221; custom_padding_phone=&#8221;0px||||false|false&#8221; global_colors_info=&#8221;{}&#8221;][et_pb_column type=&#8221;1_2&#8243; _builder_version=&#8221;4.14.8&#8243; _module_preset=&#8221;default&#8221; custom_css_main_element=&#8221;margin: auto;&#8221; global_colors_info=&#8221;{}&#8221;][et_pb_text _builder_version=&#8221;4.14.9&#8243; _module_preset=&#8221;default&#8221; text_font_size=&#8221;26px&#8221; text_letter_spacing=&#8221;-1px&#8221; text_line_height=&#8221;1.1em&#8221; hover_enabled=&#8221;0&#8243; global_colors_info=&#8221;{}&#8221; sticky_enabled=&#8221;0&#8243;]<\/p>\n<p><a href=\"https:\/\/pinart.ec\/\" target=\"_blank\" rel=\"noopener\"><strong>Projekt Pinart <\/strong><\/a> konkretna je inicijativa <strong>BeLeader<\/strong>\u00a0u podru\u010dju kulture. Rije\u010d je o projektu <a href=\"https:\/\/colegiolospinos.ec\/\" target=\"_blank\" rel=\"noopener\"><strong>\u0161kole Los Pinos <\/strong><\/a> (\u0160panjolska) koja otvara svoja vrata gradu Quitu organizacijom edukativnih koncerata i kulturnih aktivnosti u sjedi\u0161tu \u0161kole, s ciljem pribli\u017eavanja renomiranih umjetnika u\u010denicima i obiteljima.<\/p>\n<p>[\/et_pb_text][\/et_pb_column][et_pb_column type=&#8221;1_2&#8243; _builder_version=&#8221;4.14.8&#8243; _module_preset=&#8221;default&#8221; custom_padding=&#8221;||||false|false&#8221; custom_padding_tablet=&#8221;||||false|false&#8221; custom_padding_phone=&#8221;||||false|false&#8221; custom_padding_last_edited=&#8221;on|desktop&#8221; custom_css_main_element=&#8221;margin: auto;&#8221; global_colors_info=&#8221;{}&#8221;][et_pb_image src=&#8221;https:\/\/beleaderprogram.com\/wp-content\/uploads\/2022\/02\/beleader_pinartweb.png&#8221; title_text=&#8221;beleader_pinartweb&#8221; align=&#8221;center&#8221; _builder_version=&#8221;4.14.8&#8243; _module_preset=&#8221;default&#8221; global_colors_info=&#8221;{}&#8221;][\/et_pb_image][\/et_pb_column][\/et_pb_row][\/et_pb_section][et_pb_section fb_built=&#8221;1&#8243; _builder_version=&#8221;4.14.8&#8243; _module_preset=&#8221;default&#8221; background_color=&#8221;#e6e6e6&#8243; custom_margin=&#8221;0px||||false|false&#8221; custom_padding=&#8221;||||false|false&#8221; global_colors_info=&#8221;{}&#8221;][et_pb_row _builder_version=&#8221;4.14.8&#8243; _module_preset=&#8221;default&#8221; custom_margin=&#8221;0px||||false|false&#8221; custom_padding=&#8221;||||false|false&#8221; global_colors_info=&#8221;{}&#8221;][et_pb_column type=&#8221;4_4&#8243; _builder_version=&#8221;4.14.8&#8243; _module_preset=&#8221;default&#8221; global_colors_info=&#8221;{}&#8221;][et_pb_image src=&#8221;https:\/\/beleaderprogram.com\/wp-content\/uploads\/2022\/02\/flecha_web_beleader-04.png&#8221; title_text=&#8221;flecha_web_beleader-04&#8243; align=&#8221;center&#8221; _builder_version=&#8221;4.14.8&#8243; _module_preset=&#8221;default&#8221; width=&#8221;7.9vw&#8221; width_tablet=&#8221;16vw&#8221; width_phone=&#8221;29vw&#8221; width_last_edited=&#8221;on|tablet&#8221; custom_margin=&#8221;0px||||false|false&#8221; custom_padding=&#8221;0px||||false|false&#8221; global_colors_info=&#8221;{}&#8221;][\/et_pb_image][et_pb_text _builder_version=&#8221;4.14.8&#8243; _module_preset=&#8221;default&#8221; text_font=&#8221;|600|||||||&#8221; text_font_size=&#8221;42px&#8221; text_letter_spacing=&#8221;-1px&#8221; text_line_height=&#8221;1.2em&#8221; text_orientation=&#8221;center&#8221; locked=&#8221;off&#8221; global_colors_info=&#8221;{}&#8221;]\u017deli\u0161 bolje<br \/>\nupoznati program?[\/et_pb_text][et_pb_button button_url=&#8221;@ET-DC@eyJkeW5hbWljIjp0cnVlLCJjb250ZW50IjoicG9zdF9saW5rX3VybF9wYWdlIiwic2V0dGluZ3MiOnsicG9zdF9pZCI6IjExNSJ9fQ==@&#8221; button_text=&#8221;Kontaktiraj nas&#8221; button_alignment=&#8221;center&#8221; _builder_version=&#8221;4.14.8&#8243; _dynamic_attributes=&#8221;button_url&#8221; _module_preset=&#8221;default&#8221; custom_button=&#8221;on&#8221; button_text_size=&#8221;16px&#8221; button_text_color=&#8221;#FFFFFF&#8221; button_bg_color=&#8221;gcid-549a15b0-9c4e-4ad0-b9a6-b5522796de9f&#8221; button_border_width=&#8221;0px&#8221; button_border_radius=&#8221;0px&#8221; global_colors_info=&#8221;{%22gcid-549a15b0-9c4e-4ad0-b9a6-b5522796de9f%22:%91%22button_bg_color%22%93}&#8221;][\/et_pb_button][\/et_pb_column][\/et_pb_row][\/et_pb_section]<\/p>\n","protected":false},"excerpt":{"rendered":"<p>Budi osjetljiv : Kulturni i umjetni\u010dki razvojBeLeader \u017eeli posebno potaknuti razvoj umjetni\u010dke i kulturne osjetljivosti kod u\u010denika. To se razvija kroz organiziranje izvannastavnih aktivnosti na kulturnom podru\u010dju (posjet kinu, kazali\u0161tu, muzeju, botani\u010dkom vrtu) Konkretno, BeLeader program fokusiran je na tri umjetni\u010dka podru\u010dja: glazbena, dramska i plasti\u010dna umjetnost.Projekt Pinart konkretna je inicijativa BeLeader\u00a0u podru\u010dju kulture. Rije\u010d [&hellip;]<\/p>\n","protected":false},"author":1,"featured_media":0,"parent":0,"menu_order":0,"comment_status":"closed","ping_status":"closed","template":"","meta":{"_acf_changed":false,"_et_pb_use_builder":"on","_et_pb_old_content":"[et_pb_section fb_built=\"1\" _builder_version=\"4.14.8\" _module_preset=\"default\" background_color=\"RGBA(255,255,255,0)\" background_image=\"https:\/\/beleaderprogram.com\/wp-content\/uploads\/2021\/09\/carrusel_beLeader_6.png\" custom_margin=\"||||true|false\" custom_padding=\"18%||18%||true|false\" hover_enabled=\"0\" global_colors_info=\"{}\" sticky_enabled=\"0\"][et_pb_row _builder_version=\"4.14.8\" _module_preset=\"default\" global_colors_info=\"{}\"][et_pb_column type=\"4_4\" _builder_version=\"4.14.8\" _module_preset=\"default\" global_colors_info=\"{}\"][et_pb_text _builder_version=\"4.14.8\" _module_preset=\"default\" text_font=\"|600|||||||\" text_font_size=\"68px\" text_letter_spacing=\"-5px\" text_line_height=\"1em\" text_orientation=\"center\" background_layout=\"dark\" text_font_size_tablet=\"68px\" text_font_size_phone=\"50px\" text_font_size_last_edited=\"on|phone\" text_line_height_tablet=\"\" text_line_height_phone=\"1em\" text_line_height_last_edited=\"on|phone\" text_text_shadow_style=\"preset3\" global_colors_info=\"{}\"]<span style=\"color: #000000;\">Be Sensitive :<\/span>\r\nDesarrollo art\u00edstico y cultural[\/et_pb_text][\/et_pb_column][\/et_pb_row][\/et_pb_section][et_pb_section fb_built=\"1\" _builder_version=\"4.14.8\" _module_preset=\"default\" custom_margin=\"||||false|false\" custom_padding=\"||||false|false\" hover_enabled=\"0\" global_colors_info=\"{}\" sticky_enabled=\"0\"][et_pb_row _builder_version=\"4.14.8\" _module_preset=\"default\" width=\"50%\" width_tablet=\"50%\" width_phone=\"75%\" width_last_edited=\"on|phone\" custom_margin=\"||||false|false\" custom_padding=\"||||false|false\" hover_enabled=\"0\" global_colors_info=\"{}\" sticky_enabled=\"0\"][et_pb_column type=\"4_4\" _builder_version=\"4.14.8\" _module_preset=\"default\" global_colors_info=\"{}\"][et_pb_text _builder_version=\"4.14.8\" _module_preset=\"default\" text_font_size=\"26px\" text_letter_spacing=\"-1px\" text_line_height=\"1.1em\" text_orientation=\"center\" global_colors_info=\"{}\"]<p><strong>BeLeader<\/strong> quiere impulsar espec\u00edficamente la sensibilidad art\u00edstica y cultural de los estudiantes. Este impulso se traduce en la organizaci\u00f3n de actividades pedag\u00f3gicas extraordinarias en este campo cultural. En concreto, el programa <strong>BeLeader<\/strong> se focaliza en tres \u00e1reas art\u00edsticas: m\u00fasica, teatro y artes pl\u00e1sticas.<\/p>[\/et_pb_text][\/et_pb_column][\/et_pb_row][\/et_pb_section][et_pb_section fb_built=\"1\" _builder_version=\"4.14.8\" _module_preset=\"default\" background_image=\"https:\/\/beleaderprogram.com\/wp-content\/uploads\/2022\/02\/camino_web_beleader-02.png\" custom_margin=\"||||false|false\" custom_padding=\"5%||5%||true|false\" hover_enabled=\"0\" global_colors_info=\"{}\" sticky_enabled=\"0\"][et_pb_row column_structure=\"1_2,1_2\" use_custom_gutter=\"on\" gutter_width=\"4\" make_equal=\"on\" custom_padding_last_edited=\"on|desktop\" _builder_version=\"4.14.8\" _module_preset=\"default\" custom_margin=\"0px||||false|false\" custom_padding=\"0px||||false|false\" custom_padding_tablet=\"0px||||false|false\" custom_padding_phone=\"0px||||false|false\" global_colors_info=\"{}\"][et_pb_column type=\"1_2\" _builder_version=\"4.14.8\" _module_preset=\"default\" custom_css_main_element=\"margin: auto;\" global_colors_info=\"{}\"][et_pb_text _builder_version=\"4.14.8\" _module_preset=\"default\" global_colors_info=\"{}\" text_font_size=\"26px\" text_letter_spacing=\"-1px\" text_line_height=\"1.1em\" hover_enabled=\"0\" sticky_enabled=\"0\"]<p>El <a href=\"https:\/\/pinart.ec\/\" target=\"_blank\" rel=\"noopener\"><strong>Proyecto Pinart<\/strong><\/a> es una iniciativa concreta de <strong>BeLeader<\/strong> en el \u00e1rea cultural. Se trata de un proyecto del <a href=\"https:\/\/colegiolospinos.ec\/\" target=\"_blank\" rel=\"noopener\"><strong>colegio Los Pinos<\/strong><\/a>, que abre sus puertas a la ciudad de Quito con la organizaci\u00f3n de conciertos did\u00e1cticos y actividades culturales en la propia sede del colegio, con el objetivo de acercar as\u00ed a reconocidos artistas a las alumnas y familias del colegio.<\/p>[\/et_pb_text][\/et_pb_column][et_pb_column type=\"1_2\" _builder_version=\"4.14.8\" _module_preset=\"default\" custom_padding=\"||||false|false\" custom_padding_tablet=\"||||false|false\" custom_padding_phone=\"||||false|false\" custom_padding_last_edited=\"on|desktop\" custom_css_main_element=\"margin: auto;\" global_colors_info=\"{}\"][et_pb_image src=\"https:\/\/beleaderprogram.com\/wp-content\/uploads\/2022\/02\/beleader_pinartweb.png\" title_text=\"beleader_pinartweb\" align=\"center\" _builder_version=\"4.14.8\" _module_preset=\"default\" global_colors_info=\"{}\"][\/et_pb_image][\/et_pb_column][\/et_pb_row][\/et_pb_section][et_pb_section fb_built=\"1\" _builder_version=\"4.14.8\" _module_preset=\"default\" background_color=\"#e6e6e6\" custom_margin=\"0px||||false|false\" custom_padding=\"||||false|false\" global_colors_info=\"{}\"][et_pb_row _builder_version=\"4.14.8\" _module_preset=\"default\" custom_margin=\"0px||||false|false\" custom_padding=\"||||false|false\" global_colors_info=\"{}\"][et_pb_column type=\"4_4\" _builder_version=\"4.14.8\" _module_preset=\"default\" global_colors_info=\"{}\"][et_pb_image src=\"https:\/\/beleaderprogram.com\/wp-content\/uploads\/2022\/02\/flecha_web_beleader-04.png\" title_text=\"flecha_web_beleader-04\" align=\"center\" _builder_version=\"4.14.8\" _module_preset=\"default\" width=\"7.9vw\" width_tablet=\"16vw\" width_phone=\"29vw\" width_last_edited=\"on|tablet\" custom_margin=\"0px||||false|false\" custom_padding=\"0px||||false|false\" global_colors_info=\"{}\"][\/et_pb_image][et_pb_text _builder_version=\"4.14.8\" _module_preset=\"default\" text_font=\"|600|||||||\" text_font_size=\"42px\" text_letter_spacing=\"-1px\" text_line_height=\"1.2em\" text_orientation=\"center\" locked=\"off\" global_colors_info=\"{}\"]\u00bfQuieres conocer\r\nmejor el programa?[\/et_pb_text][et_pb_button button_url=\"@ET-DC@eyJkeW5hbWljIjp0cnVlLCJjb250ZW50IjoicG9zdF9saW5rX3VybF9wYWdlIiwic2V0dGluZ3MiOnsicG9zdF9pZCI6IjExNSJ9fQ==@\" button_text=\"Contacta con nosotros\" button_alignment=\"center\" _builder_version=\"4.14.8\" _dynamic_attributes=\"button_url\" _module_preset=\"default\" custom_button=\"on\" button_text_size=\"16px\" button_text_color=\"#FFFFFF\" button_bg_color=\"gcid-549a15b0-9c4e-4ad0-b9a6-b5522796de9f\" button_border_width=\"0px\" button_border_radius=\"0px\" global_colors_info=\"{%22gcid-549a15b0-9c4e-4ad0-b9a6-b5522796de9f%22:%91%22button_bg_color%22%93}\"][\/et_pb_button][\/et_pb_column][\/et_pb_row][\/et_pb_section]","_et_gb_content_width":"","footnotes":""},"class_list":["post-411","page","type-page","status-publish","hentry"],"acf":[],"_links":{"self":[{"href":"https:\/\/beleaderprogram.com\/hr\/wp-json\/wp\/v2\/pages\/411","targetHints":{"allow":["GET"]}}],"collection":[{"href":"https:\/\/beleaderprogram.com\/hr\/wp-json\/wp\/v2\/pages"}],"about":[{"href":"https:\/\/beleaderprogram.com\/hr\/wp-json\/wp\/v2\/types\/page"}],"author":[{"embeddable":true,"href":"https:\/\/beleaderprogram.com\/hr\/wp-json\/wp\/v2\/users\/1"}],"replies":[{"embeddable":true,"href":"https:\/\/beleaderprogram.com\/hr\/wp-json\/wp\/v2\/comments?post=411"}],"version-history":[{"count":10,"href":"https:\/\/beleaderprogram.com\/hr\/wp-json\/wp\/v2\/pages\/411\/revisions"}],"predecessor-version":[{"id":611,"href":"https:\/\/beleaderprogram.com\/hr\/wp-json\/wp\/v2\/pages\/411\/revisions\/611"}],"wp:attachment":[{"href":"https:\/\/beleaderprogram.com\/hr\/wp-json\/wp\/v2\/media?parent=411"}],"curies":[{"name":"wp","href":"https:\/\/api.w.org\/{rel}","templated":true}]}}