{"id":462,"date":"2022-03-04T13:03:21","date_gmt":"2022-03-04T13:03:21","guid":{"rendered":"https:\/\/beleaderprogram.com\/?page_id=462"},"modified":"2022-03-04T15:53:11","modified_gmt":"2022-03-04T15:53:11","slug":"aviso-legal","status":"publish","type":"page","link":"https:\/\/beleaderprogram.com\/es\/aviso-legal\/","title":{"rendered":"Aviso Legal"},"content":{"rendered":"<p>[et_pb_section fb_built=\u00bb1&#8243; _builder_version=\u00bb4.14.8&#8243; _module_preset=\u00bbdefault\u00bb global_colors_info=\u00bb{}\u00bb][et_pb_row _builder_version=\u00bb4.14.8&#8243; _module_preset=\u00bbdefault\u00bb global_colors_info=\u00bb{}\u00bb][et_pb_column type=\u00bb4_4&#8243; _builder_version=\u00bb4.14.8&#8243; _module_preset=\u00bbdefault\u00bb global_colors_info=\u00bb{}\u00bb][et_pb_text _builder_version=\u00bb4.14.8&#8243; _module_preset=\u00bbdefault\u00bb text_font=\u00bb|300|||||||\u00bb text_font_size=\u00bb68px\u00bb text_letter_spacing=\u00bb-5px\u00bb text_line_height=\u00bb1em\u00bb custom_margin=\u00bb||10%||false|false\u00bb text_font_size_tablet=\u00bb68px\u00bb text_font_size_phone=\u00bb50px\u00bb text_font_size_last_edited=\u00bbon|phone\u00bb global_colors_info=\u00bb{}\u00bb]<\/p>\n<p>Informaci\u00f3n sobre el<br \/><strong>Aviso legal<\/strong><\/p>\n<p>[\/et_pb_text][et_pb_text _builder_version=\u00bb4.14.8&#8243; _module_preset=\u00bbdefault\u00bb global_colors_info=\u00bb{}\u00bb]<\/p>\n<h1><strong>Identificaci\u00f3n del titular de la web<\/strong><\/h1>\n<p>En cumplimiento de lo establecido en el art. 10 de la Ley 34\/2002, de 11 de julio, de Servicios de la Sociedad de la Informaci\u00f3n y Comercio Electr\u00f3nico (LSSICE), se informa que esta p\u00e1gina web es titularidad de la <strong>FUNDACI\u00d3N PARENTES<\/strong>.<\/p>\n<ul>\n<li>CIF: G88436464<\/li>\n<li>Domicilio social: C\/ Almansa 101 \u2013 28040 Madrid<\/li>\n<li>Tel\u00e9fonos de contacto: 689006916<\/li>\n<li>E-mail: administracion@fundacionparentes.org<\/li>\n<li>Datos de Inscripci\u00f3n Registro Estatal de Fundaciones del Ministerio de Justicia con el n\u00famero 2236<\/li>\n<\/ul>\n<h1><strong>Acceso a la p\u00e1gina web https:\/\/fundacionparentes.org\/<\/strong><\/h1>\n<p>El acceso a la p\u00e1gina web implica la aceptaci\u00f3n de las presentes condiciones y aquellas contenidas en la Pol\u00edtica de Privacidad de <strong>FUNDACI\u00d3N PARENTES<\/strong>, por lo que, en caso de no estar conforme con alguna de estas condiciones, se deber\u00e1 cesar en la utilizaci\u00f3n de la presente p\u00e1gina web. Adem\u00e1s, presionando el siguiente enlace puede leer la pol\u00edtica de privacidad de <strong>FUNDACI\u00d3N PARENTES<\/strong>.<\/p>\n<p>El usuario se obliga a usar la web de forma diligente y correcta. En este sentido, se obliga a no utilizarla:<\/p>\n<ul>\n<li>Para la realizaci\u00f3n de actividades contrarias a la Ley, a la moral, a las buenas costumbres aceptadas o al Orden P\u00fablico establecido, y<\/li>\n<li>Con fines il\u00edcitos, prohibidos o lesivos de derechos e intereses de terceros.<\/li>\n<\/ul>\n<p><strong>FUNDACI\u00d3N PARENTES<\/strong> declina cualquier responsabilidad derivada de la utilizaci\u00f3n del website por el usuario con dichas finalidades prohibidas.<\/p>\n<h1><strong>Funcionamiento y contenido<\/strong><\/h1>\n<p><strong>FUNDACI\u00d3N PARENTES<\/strong> se reserva el derecho de realizar, en cualquier momento y sin necesidad de aviso previo a los usuarios de la web, las actualizaciones y modificaciones que considere oportunas, tanto en la informaci\u00f3n contenida como en la estructura de la p\u00e1gina, as\u00ed como la facultad de cambiar las condiciones de acceso al portal.<\/p>\n<p>Igualmente, <strong>FUNDACI\u00d3N PARENTES<\/strong> no se hace responsable de los posibles fallos de comunicaci\u00f3n, no pudiendo garantizar por ello el funcionamiento continuo y la disponibilidad de acceso a la p\u00e1gina web. En estos casos, <strong>FUNDACI\u00d3N PARENTES<\/strong>, realizar\u00e1 a la mayor brevedad posible todas aquellas actuaciones tendentes a la subsanaci\u00f3n de los mencionados errores.<\/p>\n<p><strong>FUNDACI\u00d3N PARENTES<\/strong> informa a los usuarios que con el fin de poder visualizar ciertos contenidos de la p\u00e1gina deber\u00e1 de disponer de software espec\u00edfico para la visualizaci\u00f3n de documentos.<\/p>\n<h1><strong>Propiedad intelectual e industrial<\/strong><\/h1>\n<p><strong>FUNDACI\u00d3N PARENTES<\/strong> es propietaria y\/o licenciataria de todo el contenido de la presente p\u00e1gina, incluyendo sus im\u00e1genes, dise\u00f1os gr\u00e1ficos, posts publicados en el blog, texto, marcas, logotipos y todo tipo de datos, as\u00ed como el c\u00f3digo fuente, el dise\u00f1o y la estructura de la p\u00e1gina.<\/p>\n<p><strong>FUNDACI\u00d3N PARENTES<\/strong> tiene en exclusiva el ejercicio de los derechos de reproducci\u00f3n, distribuci\u00f3n, modificaci\u00f3n y comunicaci\u00f3n de estos, as\u00ed como todos los derechos de explotaci\u00f3n en cualquiera de sus formas.<\/p>\n<p>Todo el contenido de la p\u00e1gina se encuentra protegido por la normativa en materia de propiedad intelectual e industrial, y la puesta a disposici\u00f3n y su uso, posible consulta o descarga no conlleva en ning\u00fan caso la cesi\u00f3n de ning\u00fan tipo de derecho sobre la propiedad intelectual o industrial del citado material o contenido.<\/p>\n<p>No se permitir\u00e1 la visualizaci\u00f3n, descarga e impresi\u00f3n de los contenidos de la p\u00e1gina web si se realiza con fines publicitarios o comerciales, o para su distribuci\u00f3n, comunicaci\u00f3n p\u00fablica o modificaci\u00f3n y, en general, en los casos en los que dichos actos sean incompatibles con los fines de esta p\u00e1gina. En el resto de los casos, se solicitar\u00e1 autorizaci\u00f3n previa por escrito de <strong>FUNDACI\u00d3N PARENTES<\/strong> y debe citarse la fuente.<\/p>\n<p>En todo caso, los logos, gr\u00e1ficos, im\u00e1genes, iconos, etc. que formen parte de la p\u00e1gina web, no se podr\u00e1n utilizar por separado del texto al que acompa\u00f1en o del resto de im\u00e1genes o gr\u00e1ficos del que formen parte.<\/p>\n<p><strong>FUNDACI\u00d3N PARENTES<\/strong> se reserva la posibilidad de ejercer las acciones legales que correspondan contra los usuarios que violen o infrinjan los derechos de propiedad intelectual e industrial, incluyendo la indemnizaci\u00f3n de los da\u00f1os y perjuicios causados. Asimismo, el usuario se obliga a indemnizar a <strong>FUNDACI\u00d3N PARENTES<\/strong> por cualquier da\u00f1o o perjuicio que pudiera ocasionar el uso indebido de esta web.<\/p>\n<p>Toda informaci\u00f3n que los usuarios de la p\u00e1gina web puedan facilitar como sugerencias, propuestas, etc., se consideran recibidas y cedidas a t\u00edtulo gratuito, por lo que ruega que se abstengan de enviar toda aquella informaci\u00f3n que no tenga el citado car\u00e1cter.<\/p>\n<h1><strong>Responsabilidad<\/strong><\/h1>\n<p>Tanto el acceso a esta web como el uso que pueda hacerse de la informaci\u00f3n contenida en la misma es de la exclusiva responsabilidad de quien lo realiza, asumiendo expresamente el usuario que el acceso y la utilizaci\u00f3n del portal, se hace bajo su \u00fanica y exclusiva responsabilidad.<\/p>\n<p>Por este motivo, <strong>FUNDACI\u00d3N PARENTES<\/strong> no responder\u00e1 en ning\u00fan caso de los posibles da\u00f1os o perjuicios que pudieran derivarse de dicho acceso o del uso de la informaci\u00f3n por parte del usuario, as\u00ed como tampoco de los posibles errores o da\u00f1os que pueda sufrir el sistema inform\u00e1tico del usuario (hardware y software), sus ficheros o documentos almacenados, como consecuencia de la presencia de virus en su ordenador, mal funcionamiento del navegador o uso de versiones no actualizadas del mismo.<\/p>\n<p>En virtud de la Ley 34\/2002 de 11 de julio de Servicios de la Sociedad de la Informaci\u00f3n y Comercio Electr\u00f3nico, para cualquier controversia que pudiera surgir ser\u00e1 de aplicaci\u00f3n la legislaci\u00f3n espa\u00f1ola. El usuario responder\u00e1, en cualquier caso, de la veracidad de los datos facilitados, reserv\u00e1ndose <strong>FUNDACI\u00d3N PARENTES<\/strong> el derecho a excluir de los servicios registrados a todo usuario que haya facilitado datos falsos o inexactos, sin prejuicio de las dem\u00e1s acciones que procedan en Derecho.<\/p>\n<h1><strong>Participaci\u00f3n en foros, chats, redes sociales y comunidades virtuales<\/strong><\/h1>\n<p><strong>FUNDACI\u00d3N PARENTES<\/strong> no se responsabiliza de las opiniones vertidas en los foros, chats y otros espacios de participaci\u00f3n on-line. Los mensajes publicados en estos espacios representan \u00fanicamente la opini\u00f3n de sus autores y no la de los administradores\/as o moderadores\/as (excepto en mensajes publicados por ellos mismos).<\/p>\n<p>Al registrarse en estos espacios los usuarios deben aceptar no publicar material abusivo, discriminatorio, obsceno, vulgar, relativo a cualquier forma de violencia, amenazante o ning\u00fan otro que de forma alguna viole las leyes vigentes. Asimismo, los usuarios\/as aceptan que <strong>FUNDACI\u00d3N PARENTES<\/strong> ejerza las acciones de borrar, editar, mover o cerrar cualquier mensaje que pueda considerar inadecuado o no pertinente.<\/p>\n<h1><strong>Fuero<\/strong><\/h1>\n<p>Para cualquier tipo de controversia existente por el acceso o utilizaci\u00f3n del portal, los usuarios de la p\u00e1gina web y <strong>FUNDACI\u00d3N PARENTES<\/strong>, con renuncia expresa a cualquier otro fuero que pudiera corresponderles, se someten al fuero de los Juzgados y Tribunales de Madrid.<\/p>\n<p>\u200b[\/et_pb_text][\/et_pb_column][\/et_pb_row][\/et_pb_section]<\/p>\n","protected":false},"excerpt":{"rendered":"<p>Informaci\u00f3n sobre elAviso legalIdentificaci\u00f3n del titular de la web En cumplimiento de lo establecido en el art. 10 de la Ley 34\/2002, de 11 de julio, de Servicios de la Sociedad de la Informaci\u00f3n y Comercio Electr\u00f3nico (LSSICE), se informa que esta p\u00e1gina web es titularidad de la FUNDACI\u00d3N PARENTES. CIF: G88436464 Domicilio social: C\/ [&hellip;]<\/p>\n","protected":false},"author":1,"featured_media":0,"parent":0,"menu_order":0,"comment_status":"closed","ping_status":"closed","template":"","meta":{"_acf_changed":false,"_et_pb_use_builder":"on","_et_pb_old_content":"","_et_gb_content_width":"","footnotes":""},"class_list":["post-462","page","type-page","status-publish","hentry"],"acf":[],"_links":{"self":[{"href":"https:\/\/beleaderprogram.com\/es\/wp-json\/wp\/v2\/pages\/462","targetHints":{"allow":["GET"]}}],"collection":[{"href":"https:\/\/beleaderprogram.com\/es\/wp-json\/wp\/v2\/pages"}],"about":[{"href":"https:\/\/beleaderprogram.com\/es\/wp-json\/wp\/v2\/types\/page"}],"author":[{"embeddable":true,"href":"https:\/\/beleaderprogram.com\/es\/wp-json\/wp\/v2\/users\/1"}],"replies":[{"embeddable":true,"href":"https:\/\/beleaderprogram.com\/es\/wp-json\/wp\/v2\/comments?post=462"}],"version-history":[{"count":4,"href":"https:\/\/beleaderprogram.com\/es\/wp-json\/wp\/v2\/pages\/462\/revisions"}],"predecessor-version":[{"id":483,"href":"https:\/\/beleaderprogram.com\/es\/wp-json\/wp\/v2\/pages\/462\/revisions\/483"}],"wp:attachment":[{"href":"https:\/\/beleaderprogram.com\/es\/wp-json\/wp\/v2\/media?parent=462"}],"curies":[{"name":"wp","href":"https:\/\/api.w.org\/{rel}","templated":true}]}}