{"id":3,"date":"2021-08-30T15:49:09","date_gmt":"2021-08-30T15:49:09","guid":{"rendered":"https:\/\/beleaderprogram.com\/?page_id=3"},"modified":"2022-03-04T15:54:10","modified_gmt":"2022-03-04T15:54:10","slug":"politica-privacidad","status":"publish","type":"page","link":"https:\/\/beleaderprogram.com\/es\/politica-privacidad\/","title":{"rendered":"Pol\u00edtica de privacidad"},"content":{"rendered":"<p>[et_pb_section fb_built=\u00bb1&#8243; _builder_version=\u00bb4.14.8&#8243; _module_preset=\u00bbdefault\u00bb global_colors_info=\u00bb{}\u00bb][et_pb_row _builder_version=\u00bb4.14.8&#8243; _module_preset=\u00bbdefault\u00bb global_colors_info=\u00bb{}\u00bb][et_pb_column type=\u00bb4_4&#8243; _builder_version=\u00bb4.14.8&#8243; _module_preset=\u00bbdefault\u00bb global_colors_info=\u00bb{}\u00bb][et_pb_text _builder_version=\u00bb4.14.8&#8243; _module_preset=\u00bbdefault\u00bb text_font=\u00bb|300|||||||\u00bb text_font_size=\u00bb68px\u00bb text_letter_spacing=\u00bb-5px\u00bb text_line_height=\u00bb1em\u00bb custom_margin=\u00bb||10%||false|false\u00bb text_font_size_tablet=\u00bb68px\u00bb text_font_size_phone=\u00bb50px\u00bb text_font_size_last_edited=\u00bbon|phone\u00bb global_colors_info=\u00bb{}\u00bb]<\/p>\n<p>Informaci\u00f3n sobre la<br \/><strong>Pol\u00edtica de Privacidad<\/strong><\/p>\n<p>[\/et_pb_text][et_pb_text _builder_version=\u00bb4.14.8&#8243; _module_preset=\u00bbdefault\u00bb global_colors_info=\u00bb{}\u00bb]El presente documento regula la Pol\u00edtica de Privacidad del sitio web titularidad de <strong>FUNDACI\u00d3N PARENTES<\/strong>, as\u00ed como el conjunto de informaci\u00f3n en materia de protecci\u00f3n de datos al que puede tener acceso el interesado en cumplimiento del art\u00edculo 13 y 14 del Reglamento General de Protecci\u00f3n de Datos y del art\u00edculo 11 de la Ley Org\u00e1nica 3\/2018, de 5 de diciembre, de Protecci\u00f3n de Datos Personales y garant\u00eda de los derechos digitales.<\/p>\n<h1><strong>Informaci\u00f3n sobre FUNDACI\u00d3N PARENTES<\/strong><\/h1>\n<p><strong>FUNDACI\u00d3N PARENTES<\/strong> es una instituci\u00f3n de car\u00e1cter privado y sin \u00e1nimo de lucro, que persigue fines de inter\u00e9s general en el \u00e1mbito de la cultura y educaci\u00f3n. La <strong>FUNDACI\u00d3N PARENTES<\/strong> se organiza como un instituto de estudios multidisciplinar comprometido con los valores universales y permanentes.<\/p>\n<h1><strong>Responsable del tratamiento<\/strong><\/h1>\n<ul>\n<li>Denominaci\u00f3n social: FUNDACI\u00d3N PARENTES<\/li>\n<li>CIF: G88436464<\/li>\n<li>Direcci\u00f3n: C\/ Almansa 101 \u2013 28040 Madrid<\/li>\n<li>Correo electr\u00f3nico:<span>\u00a0<\/span><a href=\"https:\/\/fundacionparentes.org\/politica-privacidad\/administracion@fundacionparentes.org\">administracion@fundacionparentes.org<\/a><\/li>\n<\/ul>\n<h1><strong>Aplicaci\u00f3n de esta Pol\u00edtica de Privacidad<\/strong><\/h1>\n<p>La presente Pol\u00edtica de Privacidad regula el tratamiento de datos llevado a cabo por <strong>FUNDACI\u00d3N PARENTES<\/strong> en relaci\u00f3n con los usuarios e interesados que accedan o se pongan en contacto con <strong>FUNDACI\u00d3N PARENTES<\/strong> a trav\u00e9s del Sitio Web: <a href=\"https:\/\/fundacionparentes.org\/\" target=\"_blank\" rel=\"noopener noreferrer\">https:\/\/fundacionparentes.org\/<\/a>. As\u00ed como el resto de los tratamientos que lleve a cabo.<\/p>\n<h1><strong>Finalidades del tratamiento y bases legitimadoras<\/strong><\/h1>\n<p>En el presente apartado se establecen las finalidades y bases legitimadoras gen\u00e9ricas en funci\u00f3n de los tratamientos de datos de car\u00e1cter personal llevados a cabo por <strong>FUNDACI\u00d3N PARENTES<\/strong>:<\/p>\n<ul>\n<li><strong>Consentimiento del interesado (art. 6.1.a) RGPD):<\/strong><\/li>\n<\/ul>\n<p style=\"padding-left: 15px;\">Env\u00edo de publicidad e informaci\u00f3n comercial sobre cursos, estudios, as\u00ed como el resto de las actividades que lleve a cabo<strong>FUNDACI\u00d3N PARENTES<\/strong>.<\/p>\n<ul>\n<li><strong>Ejecuci\u00f3n contractual y medidas precontractuales (art\u00edculo 6.1.b) RGPD):<\/strong><\/li>\n<\/ul>\n<p style=\"padding-left: 15px;\">a) Ejecutar el servicio contratado o formalizar la relaci\u00f3n establecida.<\/p>\n<p style=\"padding-left: 33px;\">\u2013 Aportaciones econ\u00f3micas para la consecuci\u00f3n de los fines de la FUNDACI\u00d3N PARENTES.<\/p>\n<p style=\"padding-left: 33px;\">\u2013 Dejar comentarios en la p\u00e1gina web de FUNDACI\u00d3N PARENTES, seg\u00fan las condiciones del Aviso Legal de la misma.<\/p>\n<p style=\"padding-left: 15px;\">b) Comunicaci\u00f3n necesaria para el mantenimiento de la relaci\u00f3n contractual.<\/p>\n<p style=\"padding-left: 15px;\">c) Contrataci\u00f3n del personal.<\/p>\n<p style=\"padding-left: 15px;\">d) Desarrollar actividades formativas.<\/p>\n<ul>\n<li><strong>Cumplimiento de una obligaci\u00f3n legal (art\u00edculo 6.1.c) RGPD):<\/strong><\/li>\n<\/ul>\n<p style=\"padding-left: 15px;\">Comunicar informaci\u00f3n a autoridades p\u00fablicas, reguladores u \u00f3rganos gubernamentales en aquellos supuestos en que sea necesario hacerlo por ley, normativa local o en el cumplimiento de obligaciones regulatorias.<\/p>\n<ul>\n<li><strong>Inter\u00e9s leg\u00edtimo del responsable del tratamiento (art\u00edculo 6.1.f) RGPD):<\/strong><\/li>\n<\/ul>\n<p style=\"padding-left: 15px;\">a) Env\u00edo de publicidad e informaci\u00f3n comercial sobre los cursos y estudios ofrecidos por <strong>FUNDACI\u00d3N PARENTES<\/strong> por cualquier v\u00eda, incluida la electr\u00f3nica, al existir una relaci\u00f3n contractual previa con el interesado, siendo esta publicidad propia (en relaci\u00f3n con el art\u00edculo 21.2 LSSICE).<\/p>\n<p style=\"padding-left: 15px;\">b) Tratamiento de los datos de la persona de contacto de una empresa, o personas f\u00edsicas, a efectos de localizaci\u00f3n profesional y en funci\u00f3n de la prestaci\u00f3n de los servicios que ofrecen (en relaci\u00f3n con el art\u00edculo 19 LOPDGDD).<\/p>\n<p style=\"padding-left: 15px;\">Usted queda informado de que todos los datos que <strong>FUNDACI\u00d3N PARENTES<\/strong> le solicite o le pueda solicitar son necesarios para las finalidades descritas en la presente Pol\u00edtica de Privacidad y el hecho de no facilitarlos supondr\u00eda la imposibilidad de poder contactar con usted o gestionar la solicitud que realice a <strong>FUNDACI\u00d3N PARENTES<\/strong>. Asimismo, <strong>FUNDACI\u00d3N PARENTES<\/strong> se reserva la facultad de no responder o tramitar solicitudes que no incluyan los datos que le sean solicitados. Por ello, le indicamos que los campos marcados con un asterisco (*) ser\u00e1n obligatorios. <\/p>\n<p style=\"padding-left: 15px;\">Usted garantiza la veracidad de los datos de car\u00e1cter personal proporcionados a <strong>FUNDACI\u00d3N PARENTES<\/strong>. Por lo que <strong>FUNDACI\u00d3N PARENTES<\/strong>, podr\u00e1 solicitarle peri\u00f3dicamente la revisi\u00f3n y actualizaci\u00f3n de los datos personales que sobre usted conserve.<\/p>\n<p style=\"padding-left: 15px;\">Asimismo, le informamos de que la mera navegaci\u00f3n por el Sitio Web, por lo general, no implicar\u00e1 el tratamiento de sus datos personales, m\u00e1s all\u00e1 de, en casos concretos, su direcci\u00f3n IP y datos relativos a su navegaci\u00f3n, con la finalidad de gestionar y optimizar el Sitio Web, en base al inter\u00e9s leg\u00edtimo de <strong>FUNDACI\u00d3N PARENTES<\/strong> de preservar la seguridad e integridad del Sitio Web.<\/p>\n<h1><strong>Derechos de los interesados<\/strong><\/h1>\n<p>Usted podr\u00e1 ejercitar los derechos que le reconoce la normativa vigente en materia de protecci\u00f3n de datos, los cuales son:<\/p>\n<ul>\n<li>Derecho a solicitar el acceso a los datos personales relativos al interesado.<\/li>\n<li>Derecho a solicitar la rectificaci\u00f3n de los datos incorrectos.<\/li>\n<li>Derecho a solicitar la supresi\u00f3n de sus datos.<\/li>\n<li>Derecho a solicitar la limitaci\u00f3n del tratamiento.<\/li>\n<li>Derecho a oponerse al tratamiento.<\/li>\n<li>Derecho a la portabilidad de sus datos.<\/li>\n<li>Derecho a no ser objeto de decisiones individuales automatizas.<\/li>\n<li>Evocaci\u00f3n del consentimiento.<\/li>\n<\/ul>\n<p>Para ello, deber\u00e1 comunic\u00e1rnoslo mediante solicitud dirigida a <strong>FUNDACI\u00d3N PARENTES<\/strong>, con domicilio en C\/ Almansa 101 \u2013 28040 Madrid, o a la siguiente direcci\u00f3n de correo electr\u00f3nico: administracion@fundacionparentes.org, adjuntando copia de su DNI o documentaci\u00f3n acreditativa de su identidad.<\/p>\n<p>Por \u00faltimo, en caso de que usted desee m\u00e1s informaci\u00f3n acerca de sus derechos en materia de protecci\u00f3n de datos, o precise presentar una reclamaci\u00f3n, podr\u00e1 dirigirse a la Agencia Espa\u00f1ola de Protecci\u00f3n de Datos, con domicilio en Calle Jorge Juan, 6, 28001, Madrid (<a href=\"https:\/\/fundacionparentes.org\/politica-privacidad\/www.aepd.es\" target=\"_blank\" rel=\"noopener noreferrer\">www.aepd.es<\/a>).<\/p>\n<h3><strong>Plazos de conservaci\u00f3n de los datos<\/strong><\/h3>\n<p>En cumplimiento del art\u00edculo 5.1.e) del Reglamento General de Protecci\u00f3n de Datos, el plazo de conservaci\u00f3n de sus datos vendr\u00e1 determinado en funci\u00f3n de la duraci\u00f3n de su relaci\u00f3n con <strong>FUNDACI\u00d3N PARENTES<\/strong> y de los periodos establecidos legalmente. En este sentido, los criterios que <strong>FUNDACI\u00d3N PARENTES<\/strong> utiliza para fijar los plazos de conservaci\u00f3n de sus datos han sido determinados de acuerdo con los requisitos establecidos en la legislaci\u00f3n, reglamentos, directrices y normativas aplicables, as\u00ed como los requisitos operacionales de <strong>FUNDACI\u00d3N PARENTES<\/strong> relacionados con la correcta gesti\u00f3n de la relaci\u00f3n existente con las diferentes categor\u00edas de interesados. En este sentido, sus datos ser\u00e1n conservados mientras mantenga cualquier relaci\u00f3n comercial o contractual con <strong>FUNDACI\u00d3N PARENTES<\/strong>.<\/p>\n<p>Una vez finalizada la misma, se proceder\u00e1 a la eliminaci\u00f3n de sus datos personales en el momento en que se hayan llevado a cabo todas las acciones necesarias para gestionar y dar por concluida cualquier obligaci\u00f3n que pudiera subsistir entre las partes, llevando a cabo en ese periodo, todas las gestiones administrativas necesarias, salvo en caso de usted nos haya facilitado su consentimiento expreso para enviarle comunicaciones comerciales, en cuyo caso sus datos se conservar\u00e1n hasta que muestre su oposici\u00f3n.<\/p>\n<p>Sin perjuicio de lo anterior, sus datos ser\u00e1n conservados debidamente bloqueados, mientras puedan derivarse responsabilidades de la ejecuci\u00f3n de nuestra relaci\u00f3n contractual o precontractual, as\u00ed como para el cumplimiento de otras obligaciones legales a cargo de <strong>FUNDACI\u00d3N PARENTES<\/strong>. A este respecto, <strong>FUNDACI\u00d3N PARENTES<\/strong> garantiza que no tratar\u00e1 estos datos salvo que sea necesario para la formulaci\u00f3n, ejercicio o defensa de reclamaciones o cuando <strong>FUNDACI\u00d3N PARENTES<\/strong> sea requerida para facilitar los mismos a la Administraci\u00f3n P\u00fablica, Jueces y Tribunales durante el periodo de prescripci\u00f3n de sus derechos u obligaciones legales.<\/p>\n<p>Si quiere acceder a la pol\u00edtica de conservaci\u00f3n de datos de <strong>FUNDACI\u00d3N PARENTES<\/strong>, dir\u00edjase a la direcci\u00f3n c\/ Almansa 101 \u2013 28040 Madrid, o al correo electr\u00f3nico: administracion@fundacionparentes.org.<\/p>\n<h3><strong>Destinatarios de sus datos<\/strong><\/h3>\n<p>Los datos personales que usted proporcione a <strong>FUNDACI\u00d3N PARENTES<\/strong> podr\u00e1n ser comunicados a terceras partes a las que <strong>FUNDACI\u00d3N PARENTES<\/strong> est\u00e1 obligada a transmitir informaci\u00f3n, como autoridades p\u00fablicas, con la finalidad de dar cumplimiento con los requerimientos de dichas autoridades y la normativa aplicable, en su caso. A su vez, ser\u00e1n comunicados a aquellas terceras empresas, proveedoras, que para la prestaci\u00f3n de sus servicios <strong>FUNDACI\u00d3N PARENTES<\/strong> le tenga que facilitar datos de car\u00e1cter personal; con las mismas se han firmado los correspondientes contratos de encargado de tratamiento como se especifica en los art\u00edculos 28 y 29 del RGPD. En ning\u00fan caso, se llevar\u00e1n a cabo transferencias internacionales de datos.<\/p>\n<h3><strong>Procedencia<\/strong><\/h3>\n<p>Los datos de car\u00e1cter personal tratados por <strong>FUNDACI\u00d3N PARENTES<\/strong> proceder\u00e1n del propio interesado titular de los mismos.<\/p>\n<h1><strong>Seguridad de los datos<\/strong><\/h1>\n<p><strong>FUNDACI\u00d3N PARENTES<\/strong> cuenta con pol\u00edticas apropiadas y medidas t\u00e9cnicas y organizativas para salvaguardar y proteger sus datos personales contra acciones indeseables como el acceso ilegal o no autorizado, p\u00e9rdida o destrucci\u00f3n accidental, da\u00f1os, uso y divulgaci\u00f3n ilegal o no autorizada. Asimismo, <strong>FUNDACI\u00d3N PARENTES<\/strong> tomar\u00e1 todas las precauciones razonables para garantizar que los empleados que tienen acceso a sus datos personales hayan recibido la capacitaci\u00f3n adecuada.<\/p>\n<p>En todo caso, se le informa de que cualquier transmisi\u00f3n de datos a trav\u00e9s de Internet no es completamente segura y, como tal, se realiza bajo su propio riesgo. Aunque haremos todo lo posible para proteger sus datos personales, <strong>FUNDACI\u00d3N PARENTES<\/strong> no puede garantizar la seguridad de los datos personales transmitidos a trav\u00e9s de nuestro Sitio Web.<\/p>\n<h1><strong>Autoridad de control<\/strong><\/h1>\n<p>En caso de que usted desee m\u00e1s informaci\u00f3n acerca de sus derechos en materia de protecci\u00f3n de datos o precise presentar una reclamaci\u00f3n podr\u00e1 dirigirse a la Agencia Espa\u00f1ola de Protecci\u00f3n de Datos, con domicilio en Calle Jorge Juan, 6, 28001, Madrid (<a href=\"https:\/\/fundacionparentes.org\/politica-privacidad\/www.aepd.es\" target=\"_blank\" rel=\"noopener noreferrer\">www.aepd.es<\/a>).<\/p>\n<h1><strong>Contacte con FUNDACI\u00d3N PARENTES<\/strong><\/h1>\n<p>Si tiene dudas o cuestiones que transmitir a <strong>FUNDACI\u00d3N PARENTES<\/strong> en relaci\u00f3n con el tratamiento de sus datos personales puede dirigirse por escrito a <strong>FUNDACI\u00d3N PARENTES<\/strong>, con domicilio en C\/ Almansa 101 \u2013 28040 Madrid, o a la siguiente direcci\u00f3n de correo electr\u00f3nico: administracion@fundacionparentes.org.[\/et_pb_text][\/et_pb_column][\/et_pb_row][\/et_pb_section]<\/p>\n","protected":false},"excerpt":{"rendered":"<p>Informaci\u00f3n sobre laPol\u00edtica de PrivacidadEl presente documento regula la Pol\u00edtica de Privacidad del sitio web titularidad de FUNDACI\u00d3N PARENTES, as\u00ed como el conjunto de informaci\u00f3n en materia de protecci\u00f3n de datos al que puede tener acceso el interesado en cumplimiento del art\u00edculo 13 y 14 del Reglamento General de Protecci\u00f3n de Datos y del art\u00edculo [&hellip;]<\/p>\n","protected":false},"author":1,"featured_media":0,"parent":0,"menu_order":0,"comment_status":"closed","ping_status":"open","template":"","meta":{"_acf_changed":false,"_et_pb_use_builder":"on","_et_pb_old_content":"<!-- wp:heading --><h2>Qui\u00e9nes somos<\/h2><!-- \/wp:heading --><!-- wp:paragraph --><p><strong class=\"privacy-policy-tutorial\">Texto sugerido: <\/strong>La direcci\u00f3n de nuestra web es: https:\/\/beleaderprogram.com.<\/p><!-- \/wp:paragraph --><!-- wp:heading --><h2>Comentarios<\/h2><!-- \/wp:heading --><!-- wp:paragraph --><p><strong class=\"privacy-policy-tutorial\">Texto sugerido: <\/strong>Cuando los visitantes dejan comentarios en la web, recopilamos los datos que se muestran en el formulario de comentarios, as\u00ed como la direcci\u00f3n IP del visitante y la cadena de agentes de usuario del navegador para ayudar a la detecci\u00f3n de spam.<\/p><!-- \/wp:paragraph --><!-- wp:paragraph --><p>Una cadena an\u00f3nima creada a partir de tu direcci\u00f3n de correo electr\u00f3nico (tambi\u00e9n llamada hash) puede ser proporcionada al servicio de Gravatar para ver si la est\u00e1s usando. La pol\u00edtica de privacidad del servicio Gravatar est\u00e1 disponible aqu\u00ed: https:\/\/automattic.com\/privacy\/. Despu\u00e9s de la aprobaci\u00f3n de tu comentario, la imagen de tu perfil es visible para el p\u00fablico en el contexto de tu comentario.<\/p><!-- \/wp:paragraph --><!-- wp:heading --><h2>Medios<\/h2><!-- \/wp:heading --><!-- wp:paragraph --><p><strong class=\"privacy-policy-tutorial\">Texto sugerido: <\/strong>Si subes im\u00e1genes a la web, deber\u00edas evitar subir im\u00e1genes con datos de ubicaci\u00f3n (GPS EXIF) incluidos. Los visitantes de la web pueden descargar y extraer cualquier dato de ubicaci\u00f3n de las im\u00e1genes de la web.<\/p><!-- \/wp:paragraph --><!-- wp:heading --><h2>Cookies<\/h2><!-- \/wp:heading --><!-- wp:paragraph --><p><strong class=\"privacy-policy-tutorial\">Texto sugerido: <\/strong>Si dejas un comentario en nuestro sitio puedes elegir guardar tu nombre, direcci\u00f3n de correo electr\u00f3nico y web en cookies. Esto es para tu comodidad, para que no tengas que volver a rellenar tus datos cuando dejes otro comentario. Estas cookies tendr\u00e1n una duraci\u00f3n de un a\u00f1o.<\/p><!-- \/wp:paragraph --><!-- wp:paragraph --><p>Si tienes una cuenta y te conectas a este sitio, instalaremos una cookie temporal para determinar si tu navegador acepta cookies. Esta cookie no contiene datos personales y se elimina al cerrar el navegador.<\/p><!-- \/wp:paragraph --><!-- wp:paragraph --><p>Cuando accedas, tambi\u00e9n instalaremos varias cookies para guardar tu informaci\u00f3n de acceso y tus opciones de visualizaci\u00f3n de pantalla. Las cookies de acceso duran dos d\u00edas, y las cookies de opciones de pantalla duran un a\u00f1o. Si seleccionas \u00abRecu\u00e9rdarme\u00bb, tu acceso perdurar\u00e1 durante dos semanas. Si sales de tu cuenta, las cookies de acceso se eliminar\u00e1n.<\/p><!-- \/wp:paragraph --><!-- wp:paragraph --><p>Si editas o publicas un art\u00edculo se guardar\u00e1 una cookie adicional en tu navegador. Esta cookie no incluye datos personales y simplemente indica el ID del art\u00edculo que acabas de editar. Caduca despu\u00e9s de 1 d\u00eda.<\/p><!-- \/wp:paragraph --><!-- wp:heading --><h2>Contenido incrustado de otros sitios web<\/h2><!-- \/wp:heading --><!-- wp:paragraph --><p><strong class=\"privacy-policy-tutorial\">Texto sugerido: <\/strong>Los art\u00edculos de este sitio pueden incluir contenido incrustado (por ejemplo, v\u00eddeos, im\u00e1genes, art\u00edculos, etc.). El contenido incrustado de otras webs se comporta exactamente de la misma manera que si el visitante hubiera visitado la otra web.<\/p><!-- \/wp:paragraph --><!-- wp:paragraph --><p>Estas web pueden recopilar datos sobre ti, utilizar cookies, incrustar un seguimiento adicional de terceros, y supervisar tu interacci\u00f3n con ese contenido incrustado, incluido el seguimiento de tu interacci\u00f3n con el contenido incrustado si tienes una cuenta y est\u00e1s conectado a esa web.<\/p><!-- \/wp:paragraph --><!-- wp:heading --><h2>Con qui\u00e9n compartimos tus datos<\/h2><!-- \/wp:heading --><!-- wp:paragraph --><p><strong class=\"privacy-policy-tutorial\">Texto sugerido: <\/strong>Si solicitas un restablecimiento de contrase\u00f1a, tu direcci\u00f3n IP ser\u00e1 incluida en el correo electr\u00f3nico de restablecimiento.<\/p><!-- \/wp:paragraph --><!-- wp:heading --><h2>Cu\u00e1nto tiempo conservamos tus datos<\/h2><!-- \/wp:heading --><!-- wp:paragraph --><p><strong class=\"privacy-policy-tutorial\">Texto sugerido: <\/strong>Si dejas un comentario, el comentario y sus metadatos se conservan indefinidamente. Esto es para que podamos reconocer y aprobar comentarios sucesivos autom\u00e1ticamente, en lugar de mantenerlos en una cola de moderaci\u00f3n.<\/p><!-- \/wp:paragraph --><!-- wp:paragraph --><p>De los usuarios que se registran en nuestra web (si los hay), tambi\u00e9n almacenamos la informaci\u00f3n personal que proporcionan en su perfil de usuario. Todos los usuarios pueden ver, editar o eliminar su informaci\u00f3n personal en cualquier momento (excepto que no pueden cambiar su nombre de usuario). Los administradores de la web tambi\u00e9n pueden ver y editar esa informaci\u00f3n.<\/p><!-- \/wp:paragraph --><!-- wp:heading --><h2>Qu\u00e9 derechos tienes sobre tus datos<\/h2><!-- \/wp:heading --><!-- wp:paragraph --><p><strong class=\"privacy-policy-tutorial\">Texto sugerido: <\/strong>Si tienes una cuenta o has dejado comentarios en esta web, puedes solicitar recibir un archivo de exportaci\u00f3n de los datos personales que tenemos sobre ti, incluyendo cualquier dato que nos hayas proporcionado. Tambi\u00e9n puedes solicitar que eliminemos cualquier dato personal que tengamos sobre ti. Esto no incluye ning\u00fan dato que estemos obligados a conservar con fines administrativos, legales o de seguridad.<\/p><!-- \/wp:paragraph --><!-- wp:heading --><h2>D\u00f3nde enviamos tus datos<\/h2><!-- \/wp:heading --><!-- wp:paragraph --><p><strong class=\"privacy-policy-tutorial\">Texto sugerido: <\/strong>Los comentarios de los visitantes puede que los revise un servicio de detecci\u00f3n autom\u00e1tica de spam.<\/p><!-- \/wp:paragraph -->","_et_gb_content_width":"","footnotes":""},"class_list":["post-3","page","type-page","status-publish","hentry"],"acf":[],"_links":{"self":[{"href":"https:\/\/beleaderprogram.com\/es\/wp-json\/wp\/v2\/pages\/3","targetHints":{"allow":["GET"]}}],"collection":[{"href":"https:\/\/beleaderprogram.com\/es\/wp-json\/wp\/v2\/pages"}],"about":[{"href":"https:\/\/beleaderprogram.com\/es\/wp-json\/wp\/v2\/types\/page"}],"author":[{"embeddable":true,"href":"https:\/\/beleaderprogram.com\/es\/wp-json\/wp\/v2\/users\/1"}],"replies":[{"embeddable":true,"href":"https:\/\/beleaderprogram.com\/es\/wp-json\/wp\/v2\/comments?post=3"}],"version-history":[{"count":5,"href":"https:\/\/beleaderprogram.com\/es\/wp-json\/wp\/v2\/pages\/3\/revisions"}],"predecessor-version":[{"id":497,"href":"https:\/\/beleaderprogram.com\/es\/wp-json\/wp\/v2\/pages\/3\/revisions\/497"}],"wp:attachment":[{"href":"https:\/\/beleaderprogram.com\/es\/wp-json\/wp\/v2\/media?parent=3"}],"curies":[{"name":"wp","href":"https:\/\/api.w.org\/{rel}","templated":true}]}}