{"id":2228,"date":"2025-12-17T09:42:05","date_gmt":"2025-12-17T09:42:05","guid":{"rendered":"https:\/\/beleaderprogram.com\/?page_id=2228"},"modified":"2026-03-05T15:22:45","modified_gmt":"2026-03-05T15:22:45","slug":"programas","status":"publish","type":"page","link":"https:\/\/beleaderprogram.com\/es\/programas\/","title":{"rendered":"Programas"},"content":{"rendered":"<p>[et_pb_section fb_built=\u00bb1&#8243; _builder_version=\u00bb4.27.5&#8243; _module_preset=\u00bbdefault\u00bb global_colors_info=\u00bb{}\u00bb][et_pb_row _builder_version=\u00bb4.27.5&#8243; _module_preset=\u00bbdefault\u00bb global_colors_info=\u00bb{}\u00bb][et_pb_column type=\u00bb4_4&#8243; _builder_version=\u00bb4.27.5&#8243; _module_preset=\u00bbdefault\u00bb global_colors_info=\u00bb{}\u00bb][et_pb_text _builder_version=\u00bb4.27.5&#8243; _module_preset=\u00bbdefault\u00bb text_font=\u00bb|600|||||||\u00bb text_text_color=\u00bbgcid-549a15b0-9c4e-4ad0-b9a6-b5522796de9f\u00bb text_font_size=\u00bb68px\u00bb text_letter_spacing=\u00bb-5px\u00bb text_line_height=\u00bb1em\u00bb text_orientation=\u00bbcenter\u00bb text_font_size_tablet=\u00bb68px\u00bb text_font_size_phone=\u00bb50px\u00bb text_font_size_last_edited=\u00bbon|phone\u00bb text_line_height_tablet=\u00bb\u00bb text_line_height_phone=\u00bb1em\u00bb text_line_height_last_edited=\u00bbon|phone\u00bb locked=\u00bboff\u00bb global_colors_info=\u00bb{%22gcid-549a15b0-9c4e-4ad0-b9a6-b5522796de9f%22:%91%22text_text_color%22%93}\u00bb]<\/p>\n<p>Programas<\/p>\n<p>[\/et_pb_text][\/et_pb_column][\/et_pb_row][et_pb_row column_structure=\u00bb1_3,1_3,1_3&#8243; disabled_on=\u00bbon|on|on\u00bb _builder_version=\u00bb4.27.5&#8243; _module_preset=\u00bbdefault\u00bb max_width=\u00bb2560px\u00bb disabled=\u00bbon\u00bb global_colors_info=\u00bb{}\u00bb][et_pb_column type=\u00bb1_3&#8243; _builder_version=\u00bb4.27.5&#8243; _module_preset=\u00bbdefault\u00bb background_image=\u00bbhttps:\/\/themark.beleaderprogram.com\/wp-content\/uploads\/2024\/04\/slide3.jpg\u00bb custom_padding=\u00bb20px|20px|20px|20px|true|true\u00bb link_option_url=\u00bbhttps:\/\/themark.beleaderprogram.com\/\u00bb link_option_url_new_window=\u00bbon\u00bb custom_css_main_element=\u00bbmin-height:60vh;||display:flex;||flex-direction:column;||justify-content:space-between;\u00bb box_shadow_style=\u00bbpreset1&#8243; box_shadow_vertical=\u00bb0px\u00bb box_shadow_color=\u00bbrgba(0,0,0,0)\u00bb global_colors_info=\u00bb{}\u00bb transform_styles__hover_enabled=\u00bbon|hover\u00bb transform_scale__hover_enabled=\u00bbon|hover\u00bb transform_translate__hover_enabled=\u00bbon|desktop\u00bb transform_rotate__hover_enabled=\u00bbon|desktop\u00bb transform_skew__hover_enabled=\u00bbon|desktop\u00bb transform_origin__hover_enabled=\u00bbon|desktop\u00bb transform_scale__hover=\u00bb105%|105%\u00bb box_shadow_color__hover_enabled=\u00bbon|desktop\u00bb box_shadow_color__hover=\u00bbrgba(0,0,0,0.3)\u00bb][et_pb_image src=\u00bbhttps:\/\/themark.beleaderprogram.com\/wp-content\/uploads\/2024\/04\/The_Mark_Program.svg\u00bb align=\u00bbcenter\u00bb _builder_version=\u00bb4.27.5&#8243; _module_preset=\u00bbdefault\u00bb global_colors_info=\u00bb{}\u00bb][\/et_pb_image][et_pb_button button_url=\u00bbhttps:\/\/themark.beleaderprogram.com\/\u00bb url_new_window=\u00bbon\u00bb button_text=\u00bbIr al programa\u00bb button_alignment=\u00bbcenter\u00bb _builder_version=\u00bb4.27.5&#8243; _module_preset=\u00bbdefault\u00bb custom_button=\u00bbon\u00bb button_text_size=\u00bb16px\u00bb button_text_color=\u00bb#FFFFFF\u00bb button_bg_color=\u00bbgcid-549a15b0-9c4e-4ad0-b9a6-b5522796de9f\u00bb button_border_width=\u00bb0px\u00bb button_border_radius=\u00bb0px\u00bb locked=\u00bboff\u00bb global_colors_info=\u00bb{%22gcid-549a15b0-9c4e-4ad0-b9a6-b5522796de9f%22:%91%22button_bg_color%22%93}\u00bb][\/et_pb_button][\/et_pb_column][et_pb_column type=\u00bb1_3&#8243; _builder_version=\u00bb4.27.5&#8243; _module_preset=\u00bbdefault\u00bb background_image=\u00bbhttps:\/\/thelink.beleaderprogram.com\/wp-content\/uploads\/2025\/11\/img-2.webp\u00bb custom_padding=\u00bb20px|20px|20px|20px|true|true\u00bb link_option_url=\u00bbhttps:\/\/thelink.beleaderprogram.com\/\u00bb link_option_url_new_window=\u00bbon\u00bb custom_css_main_element=\u00bbmin-height:60vh;||display:flex;||flex-direction:column;||justify-content:space-between;\u00bb box_shadow_style=\u00bbpreset1&#8243; box_shadow_vertical=\u00bb0px\u00bb box_shadow_color=\u00bbrgba(0,0,0,0)\u00bb global_colors_info=\u00bb{}\u00bb transform_styles__hover_enabled=\u00bbon|hover\u00bb transform_scale__hover_enabled=\u00bbon|hover\u00bb transform_translate__hover_enabled=\u00bbon|desktop\u00bb transform_rotate__hover_enabled=\u00bbon|desktop\u00bb transform_skew__hover_enabled=\u00bbon|desktop\u00bb transform_origin__hover_enabled=\u00bbon|desktop\u00bb transform_scale__hover=\u00bb105%|105%\u00bb box_shadow_color__hover_enabled=\u00bbon|desktop\u00bb box_shadow_color__hover=\u00bbrgba(0,0,0,0.3)\u00bb][et_pb_image src=\u00bbhttps:\/\/thelink.beleaderprogram.com\/wp-content\/uploads\/2025\/10\/Logo_The_Link_version_principal.webp\u00bb align=\u00bbcenter\u00bb _builder_version=\u00bb4.27.5&#8243; _module_preset=\u00bbdefault\u00bb max_width=\u00bb180px\u00bb global_colors_info=\u00bb{}\u00bb][\/et_pb_image][et_pb_button button_url=\u00bbhttps:\/\/thelink.beleaderprogram.com\/\u00bb url_new_window=\u00bbon\u00bb button_text=\u00bbIr al programa\u00bb button_alignment=\u00bbcenter\u00bb _builder_version=\u00bb4.27.5&#8243; _module_preset=\u00bbdefault\u00bb custom_button=\u00bbon\u00bb button_text_size=\u00bb16px\u00bb button_text_color=\u00bb#FFFFFF\u00bb button_bg_color=\u00bbgcid-549a15b0-9c4e-4ad0-b9a6-b5522796de9f\u00bb button_border_width=\u00bb0px\u00bb button_border_radius=\u00bb0px\u00bb locked=\u00bboff\u00bb global_colors_info=\u00bb{%22gcid-549a15b0-9c4e-4ad0-b9a6-b5522796de9f%22:%91%22button_bg_color%22%93}\u00bb][\/et_pb_button][\/et_pb_column][et_pb_column type=\u00bb1_3&#8243; _builder_version=\u00bb4.27.5&#8243; _module_preset=\u00bbdefault\u00bb background_image=\u00bbhttps:\/\/beleaderprogram.com\/wp-content\/uploads\/2025\/12\/proyectos-con-causa.webp\u00bb background_position=\u00bbcenter_right\u00bb custom_padding=\u00bb20px|20px|20px|20px|true|true\u00bb link_option_url=\u00bbhttps:\/\/proyectosconcausa.beleaderprogram.com\/\u00bb link_option_url_new_window=\u00bbon\u00bb custom_css_main_element=\u00bbmin-height:60vh;||display:flex;||flex-direction:column;||justify-content:space-between;\u00bb box_shadow_style=\u00bbpreset1&#8243; box_shadow_vertical=\u00bb0px\u00bb box_shadow_color=\u00bbrgba(0,0,0,0)\u00bb global_colors_info=\u00bb{}\u00bb transform_styles__hover_enabled=\u00bbon|hover\u00bb transform_scale__hover_enabled=\u00bbon|hover\u00bb transform_translate__hover_enabled=\u00bbon|desktop\u00bb transform_rotate__hover_enabled=\u00bbon|desktop\u00bb transform_skew__hover_enabled=\u00bbon|desktop\u00bb transform_origin__hover_enabled=\u00bbon|desktop\u00bb transform_scale__hover=\u00bb105%|105%\u00bb box_shadow_color__hover_enabled=\u00bbon|desktop\u00bb box_shadow_color__hover=\u00bbrgba(0,0,0,0.3)\u00bb][et_pb_image src=\u00bbhttps:\/\/beleaderprogram.com\/wp-content\/uploads\/2025\/12\/logo-proyectos-con-causa.webp\u00bb title_text=\u00bblogo-proyectos-con-causa\u00bb align=\u00bbcenter\u00bb _builder_version=\u00bb4.27.5&#8243; _module_preset=\u00bbdefault\u00bb max_width=\u00bb200px\u00bb global_colors_info=\u00bb{}\u00bb][\/et_pb_image][et_pb_button button_url=\u00bbhttps:\/\/proyectosconcausa.beleaderprogram.com\/\u00bb url_new_window=\u00bbon\u00bb button_text=\u00bbIr al programa\u00bb button_alignment=\u00bbcenter\u00bb _builder_version=\u00bb4.27.5&#8243; _module_preset=\u00bbdefault\u00bb custom_button=\u00bbon\u00bb button_text_size=\u00bb16px\u00bb button_text_color=\u00bb#FFFFFF\u00bb button_bg_color=\u00bbgcid-549a15b0-9c4e-4ad0-b9a6-b5522796de9f\u00bb button_border_width=\u00bb0px\u00bb button_border_radius=\u00bb0px\u00bb locked=\u00bboff\u00bb global_colors_info=\u00bb{%22gcid-549a15b0-9c4e-4ad0-b9a6-b5522796de9f%22:%91%22button_bg_color%22%93}\u00bb][\/et_pb_button][\/et_pb_column][\/et_pb_row][et_pb_row column_structure=\u00bb1_3,1_3,1_3&#8243; make_equal=\u00bbon\u00bb _builder_version=\u00bb4.27.5&#8243; _module_preset=\u00bbdefault\u00bb max_width=\u00bb2560px\u00bb global_colors_info=\u00bb{}\u00bb][et_pb_column type=\u00bb1_3&#8243; _builder_version=\u00bb4.27.5&#8243; _module_preset=\u00bbdefault\u00bb box_shadow_style=\u00bbpreset1&#8243; global_colors_info=\u00bb{}\u00bb][et_pb_image src=\u00bbhttps:\/\/themark.beleaderprogram.com\/wp-content\/uploads\/2024\/04\/The_Mark_Program.svg\u00bb align=\u00bbcenter\u00bb _builder_version=\u00bb4.27.5&#8243; _module_preset=\u00bbdefault\u00bb background_image=\u00bbhttps:\/\/themark.beleaderprogram.com\/wp-content\/uploads\/2024\/04\/slide3.jpg\u00bb background_position=\u00bbtop_center\u00bb background_vertical_offset=\u00bb0%\u00bb custom_padding=\u00bb25vh|21%|20px|21%|false|true\u00bb locked=\u00bboff\u00bb global_colors_info=\u00bb{}\u00bb][\/et_pb_image][et_pb_text _builder_version=\u00bb4.27.5&#8243; _module_preset=\u00bbdefault\u00bb text_line_height=\u00bb1.2em\u00bb text_orientation=\u00bbcenter\u00bb custom_padding=\u00bb|20px||20px|false|true\u00bb global_colors_info=\u00bb{}\u00bb]<\/p>\n<p><strong>TheMark<\/strong> es un programa creado para el desarrollo de la <strong>Educaci\u00f3n del Car\u00e1cter<\/strong>, dirigido espec\u00edficamente a j\u00f3venes de entre 15 y 17 a\u00f1os. Ha sido dise\u00f1ado por expertos en educaci\u00f3n del car\u00e1cter y se apoya en la investigaci\u00f3n aplicada de distintos actores del \u00e1mbito educativo, con el objetivo de acompa\u00f1ar a los alumnos en una etapa clave de su crecimiento personal.<\/p>\n<p>[\/et_pb_text][et_pb_button button_url=\u00bbhttps:\/\/themark.beleaderprogram.com\/\u00bb url_new_window=\u00bbon\u00bb button_text=\u00bbIr al programa\u00bb button_alignment=\u00bbcenter\u00bb _builder_version=\u00bb4.27.5&#8243; _module_preset=\u00bbdefault\u00bb custom_button=\u00bbon\u00bb button_text_size=\u00bb16px\u00bb button_text_color=\u00bb#FFFFFF\u00bb button_bg_color=\u00bbgcid-549a15b0-9c4e-4ad0-b9a6-b5522796de9f\u00bb button_border_width=\u00bb0px\u00bb button_border_radius=\u00bb0px\u00bb custom_margin=\u00bb||20px||false|false\u00bb locked=\u00bboff\u00bb global_colors_info=\u00bb{%22gcid-549a15b0-9c4e-4ad0-b9a6-b5522796de9f%22:%91%22button_bg_color%22%93}\u00bb][\/et_pb_button][et_pb_button button_url=\u00bb@ET-DC@eyJkeW5hbWljIjp0cnVlLCJjb250ZW50IjoicG9zdF9saW5rX3VybF9wYWdlIiwic2V0dGluZ3MiOnsicG9zdF9pZCI6IjExNSJ9fQ==@\u00bb button_text=\u00bb\u00a1Cont\u00e1ctanos!\u00bb button_alignment=\u00bbcenter\u00bb _builder_version=\u00bb4.27.5&#8243; _dynamic_attributes=\u00bbbutton_url\u00bb _module_preset=\u00bbdefault\u00bb custom_button=\u00bbon\u00bb button_text_size=\u00bb16px\u00bb button_text_color=\u00bbgcid-549a15b0-9c4e-4ad0-b9a6-b5522796de9f\u00bb button_bg_color=\u00bbRGBA(255,255,255,0)\u00bb button_border_width=\u00bb1px\u00bb button_border_color=\u00bbgcid-549a15b0-9c4e-4ad0-b9a6-b5522796de9f\u00bb button_border_radius=\u00bb0px\u00bb custom_margin=\u00bb||20px||false|false\u00bb locked=\u00bboff\u00bb global_colors_info=\u00bb{%22gcid-549a15b0-9c4e-4ad0-b9a6-b5522796de9f%22:%91%22button_border_color%22,%22button_text_color%22%93}\u00bb][\/et_pb_button][\/et_pb_column][et_pb_column type=\u00bb1_3&#8243; _builder_version=\u00bb4.27.6&#8243; _module_preset=\u00bbdefault\u00bb box_shadow_style=\u00bbpreset1&#8243; global_colors_info=\u00bb{}\u00bb][et_pb_image src=\u00bbhttps:\/\/thelink.beleaderprogram.com\/wp-content\/uploads\/2025\/10\/Logo_The_Link_version_principal.webp\u00bb align=\u00bbcenter\u00bb _builder_version=\u00bb4.27.6&#8243; _module_preset=\u00bbdefault\u00bb background_image=\u00bbhttps:\/\/thelink.beleaderprogram.com\/wp-content\/uploads\/2025\/11\/img-2.webp\u00bb custom_padding=\u00bb28.5vh|21%|20px|21%|false|true\u00bb hover_enabled=\u00bb0&#8243; locked=\u00bboff\u00bb global_colors_info=\u00bb{}\u00bb sticky_enabled=\u00bb0&#8243;][\/et_pb_image][et_pb_text _builder_version=\u00bb4.27.5&#8243; _module_preset=\u00bbdefault\u00bb text_line_height=\u00bb1.2em\u00bb text_orientation=\u00bbcenter\u00bb custom_padding=\u00bb|20px||20px|false|true\u00bb locked=\u00bboff\u00bb global_colors_info=\u00bb{}\u00bb]<\/p>\n<p><strong>theLink<\/strong> es un espacio de <strong>formaci\u00f3n, reflexi\u00f3n y conversaci\u00f3n<\/strong> que acompa\u00f1a a chicos y chicas de 12 a 14 a\u00f1os en el desarrollo de su identidad. El programa les ayuda a <strong>integrar su afectividad y sexualidad<\/strong> de manera libre, madura y coherente, favoreciendo un crecimiento personal equilibrado y consciente.<\/p>\n<p>[\/et_pb_text][et_pb_button button_url=\u00bbhttps:\/\/thelink.beleaderprogram.com\/\u00bb url_new_window=\u00bbon\u00bb button_text=\u00bbIr al programa\u00bb button_alignment=\u00bbcenter\u00bb _builder_version=\u00bb4.27.5&#8243; _module_preset=\u00bbdefault\u00bb custom_button=\u00bbon\u00bb button_text_size=\u00bb16px\u00bb button_text_color=\u00bb#FFFFFF\u00bb button_bg_color=\u00bbgcid-549a15b0-9c4e-4ad0-b9a6-b5522796de9f\u00bb button_border_width=\u00bb0px\u00bb button_border_radius=\u00bb0px\u00bb custom_margin=\u00bb||20px||false|false\u00bb locked=\u00bboff\u00bb global_colors_info=\u00bb{%22gcid-549a15b0-9c4e-4ad0-b9a6-b5522796de9f%22:%91%22button_bg_color%22%93}\u00bb][\/et_pb_button][et_pb_button button_url=\u00bb@ET-DC@eyJkeW5hbWljIjp0cnVlLCJjb250ZW50IjoicG9zdF9saW5rX3VybF9wYWdlIiwic2V0dGluZ3MiOnsicG9zdF9pZCI6IjExNSJ9fQ==@\u00bb button_text=\u00bb\u00a1Cont\u00e1ctanos!\u00bb button_alignment=\u00bbcenter\u00bb _builder_version=\u00bb4.27.5&#8243; _dynamic_attributes=\u00bbbutton_url\u00bb _module_preset=\u00bbdefault\u00bb custom_button=\u00bbon\u00bb button_text_size=\u00bb16px\u00bb button_text_color=\u00bbgcid-549a15b0-9c4e-4ad0-b9a6-b5522796de9f\u00bb button_bg_color=\u00bbRGBA(255,255,255,0)\u00bb button_border_width=\u00bb1px\u00bb button_border_color=\u00bbgcid-549a15b0-9c4e-4ad0-b9a6-b5522796de9f\u00bb button_border_radius=\u00bb0px\u00bb custom_margin=\u00bb||20px||false|false\u00bb locked=\u00bboff\u00bb global_colors_info=\u00bb{%22gcid-549a15b0-9c4e-4ad0-b9a6-b5522796de9f%22:%91%22button_border_color%22,%22button_text_color%22,%22button_border_color%22,%22button_text_color%22%93}\u00bb][\/et_pb_button][\/et_pb_column][et_pb_column type=\u00bb1_3&#8243; _builder_version=\u00bb4.27.5&#8243; _module_preset=\u00bbdefault\u00bb box_shadow_style=\u00bbpreset1&#8243; global_colors_info=\u00bb{}\u00bb][et_pb_image src=\u00bbhttps:\/\/beleaderprogram.com\/wp-content\/uploads\/2025\/12\/logo-proyectos-con-causa.webp\u00bb title_text=\u00bbproyectos-con-causa\u00bb align=\u00bbcenter\u00bb _builder_version=\u00bb4.27.5&#8243; _module_preset=\u00bbdefault\u00bb background_image=\u00bbhttps:\/\/beleaderprogram.com\/wp-content\/uploads\/2025\/12\/proyectos-con-causa.webp\u00bb background_position=\u00bbcenter_right\u00bb custom_padding=\u00bb25vh|21%|20px|21%|false|true\u00bb locked=\u00bboff\u00bb global_colors_info=\u00bb{}\u00bb][\/et_pb_image][et_pb_text _builder_version=\u00bb4.27.5&#8243; _module_preset=\u00bbdefault\u00bb text_line_height=\u00bb1.2em\u00bb text_orientation=\u00bbcenter\u00bb custom_padding=\u00bb|20px||20px|false|true\u00bb locked=\u00bboff\u00bb global_colors_info=\u00bb{}\u00bb]<\/p>\n<p><strong>Proyectos con Causa<\/strong> es un programa educativo orientado a <strong>fortalecer el car\u00e1cter<\/strong> de los j\u00f3venes, potenciando su protagonismo como agentes de cambio social. A trav\u00e9s del dise\u00f1o y desarrollo de iniciativas propias, los alumnos aprenden a proponer y llevar a cabo soluciones creativas que contribuyan a mejorar su entorno.<\/p>\n<p>[\/et_pb_text][et_pb_button button_url=\u00bbhttps:\/\/proyectosconcausa.beleaderprogram.com\/\u00bb url_new_window=\u00bbon\u00bb button_text=\u00bbIr al programa\u00bb button_alignment=\u00bbcenter\u00bb _builder_version=\u00bb4.27.5&#8243; _module_preset=\u00bbdefault\u00bb custom_button=\u00bbon\u00bb button_text_size=\u00bb16px\u00bb button_text_color=\u00bb#FFFFFF\u00bb button_bg_color=\u00bbgcid-549a15b0-9c4e-4ad0-b9a6-b5522796de9f\u00bb button_border_width=\u00bb0px\u00bb button_border_radius=\u00bb0px\u00bb custom_margin=\u00bb||20px||false|false\u00bb locked=\u00bboff\u00bb global_colors_info=\u00bb{%22gcid-549a15b0-9c4e-4ad0-b9a6-b5522796de9f%22:%91%22button_bg_color%22%93}\u00bb][\/et_pb_button][et_pb_button button_url=\u00bb@ET-DC@eyJkeW5hbWljIjp0cnVlLCJjb250ZW50IjoicG9zdF9saW5rX3VybF9wYWdlIiwic2V0dGluZ3MiOnsicG9zdF9pZCI6IjExNSJ9fQ==@\u00bb button_text=\u00bb\u00a1Cont\u00e1ctanos!\u00bb button_alignment=\u00bbcenter\u00bb _builder_version=\u00bb4.27.5&#8243; _dynamic_attributes=\u00bbbutton_url\u00bb _module_preset=\u00bbdefault\u00bb custom_button=\u00bbon\u00bb button_text_size=\u00bb16px\u00bb button_text_color=\u00bbgcid-549a15b0-9c4e-4ad0-b9a6-b5522796de9f\u00bb button_bg_color=\u00bbRGBA(255,255,255,0)\u00bb button_border_width=\u00bb1px\u00bb button_border_color=\u00bbgcid-549a15b0-9c4e-4ad0-b9a6-b5522796de9f\u00bb button_border_radius=\u00bb0px\u00bb custom_margin=\u00bb||20px||false|false\u00bb locked=\u00bboff\u00bb global_colors_info=\u00bb{%22gcid-549a15b0-9c4e-4ad0-b9a6-b5522796de9f%22:%91%22button_border_color%22,%22button_text_color%22,%22button_border_color%22,%22button_text_color%22%93}\u00bb][\/et_pb_button][\/et_pb_column][\/et_pb_row][et_pb_row column_structure=\u00bb1_3,1_3,1_3&#8243; make_equal=\u00bbon\u00bb _builder_version=\u00bb4.27.6&#8243; _module_preset=\u00bbdefault\u00bb max_width=\u00bb2560px\u00bb hover_enabled=\u00bb0&#8243; global_colors_info=\u00bb{}\u00bb sticky_enabled=\u00bb0&#8243;][et_pb_column type=\u00bb1_3&#8243; _builder_version=\u00bb4.27.6&#8243; _module_preset=\u00bbdefault\u00bb custom_padding=\u00bb||2em||false|false\u00bb box_shadow_style=\u00bbpreset1&#8243; global_colors_info=\u00bb{}\u00bb][et_pb_image alt=\u00bbPersonas Con Causa\u00bb title_text=\u00bbyoung-people-relaxing-together\u00bb align=\u00bbcenter\u00bb _builder_version=\u00bb4.27.6&#8243; _module_preset=\u00bbdefault\u00bb background_image=\u00bbhttps:\/\/beleaderprogram.com\/wp-content\/uploads\/2026\/03\/young-people-relaxing-together-scaled.webp\u00bb custom_padding=\u00bb25vh|21%|20px|21%|false|true\u00bb locked=\u00bboff\u00bb global_colors_info=\u00bb{}\u00bb][\/et_pb_image][et_pb_text _builder_version=\u00bb4.27.6&#8243; _module_preset=\u00bbdefault\u00bb text_line_height=\u00bb1.2em\u00bb text_orientation=\u00bbcenter\u00bb custom_padding=\u00bb|20px||20px|false|true\u00bb global_colors_info=\u00bb{}\u00bb]Personas Con Causa[\/et_pb_text][\/et_pb_column][et_pb_column type=\u00bb1_3&#8243; _builder_version=\u00bb4.27.6&#8243; _module_preset=\u00bbdefault\u00bb custom_padding=\u00bb||2em||false|false\u00bb box_shadow_style=\u00bbpreset1&#8243; global_colors_info=\u00bb{}\u00bb][et_pb_image alt=\u00bbBuenas Pr\u00e1cticas Docentes\u00bb title_text=\u00bbconcentrated-teacher-drawing-board-explaining-lesson-pupils\u00bb align=\u00bbcenter\u00bb _builder_version=\u00bb4.27.6&#8243; _module_preset=\u00bbdefault\u00bb background_image=\u00bbhttps:\/\/beleaderprogram.com\/wp-content\/uploads\/2026\/03\/concentrated-teacher-drawing-board-explaining-lesson-pupils-scaled.webp\u00bb custom_padding=\u00bb25vh|21%|20px|21%|false|true\u00bb hover_enabled=\u00bb0&#8243; locked=\u00bboff\u00bb global_colors_info=\u00bb{}\u00bb background_position=\u00bbtop_center\u00bb sticky_enabled=\u00bb0&#8243;][\/et_pb_image][et_pb_text _builder_version=\u00bb4.27.6&#8243; _module_preset=\u00bbdefault\u00bb text_line_height=\u00bb1.2em\u00bb text_orientation=\u00bbcenter\u00bb custom_padding=\u00bb|20px||20px|false|true\u00bb hover_enabled=\u00bb0&#8243; global_colors_info=\u00bb{}\u00bb sticky_enabled=\u00bb0&#8243;]Buenas Pr\u00e1cticas Docentes[\/et_pb_text][\/et_pb_column][et_pb_column type=\u00bb1_3&#8243; _builder_version=\u00bb4.27.6&#8243; _module_preset=\u00bbdefault\u00bb custom_padding=\u00bb||2em||false|false\u00bb box_shadow_style=\u00bbpreset1&#8243; global_colors_info=\u00bb{}\u00bb][et_pb_image alt=\u00bbCurso de Directivos\u00bb title_text=\u00bbtungart7-business-8577507_1920&#8243; align=\u00bbcenter\u00bb _builder_version=\u00bb4.27.6&#8243; _module_preset=\u00bbdefault\u00bb background_image=\u00bbhttps:\/\/beleaderprogram.com\/wp-content\/uploads\/2026\/03\/tungart7-business-8577507_1920.webp\u00bb custom_padding=\u00bb25vh|21%|20px|21%|false|true\u00bb hover_enabled=\u00bb0&#8243; locked=\u00bboff\u00bb global_colors_info=\u00bb{}\u00bb sticky_enabled=\u00bb0&#8243;][\/et_pb_image][et_pb_text _builder_version=\u00bb4.27.6&#8243; _module_preset=\u00bbdefault\u00bb text_line_height=\u00bb1.2em\u00bb text_orientation=\u00bbcenter\u00bb custom_padding=\u00bb|20px||20px|false|true\u00bb hover_enabled=\u00bb0&#8243; global_colors_info=\u00bb{}\u00bb sticky_enabled=\u00bb0&#8243;]Curso de Directivos[\/et_pb_text][\/et_pb_column][\/et_pb_row][et_pb_row column_structure=\u00bb1_3,1_3,1_3&#8243; make_equal=\u00bbon\u00bb _builder_version=\u00bb4.27.6&#8243; _module_preset=\u00bbdefault\u00bb max_width=\u00bb2560px\u00bb hover_enabled=\u00bb0&#8243; global_colors_info=\u00bb{}\u00bb sticky_enabled=\u00bb0&#8243;][et_pb_column type=\u00bb1_3&#8243; _builder_version=\u00bb4.27.6&#8243; _module_preset=\u00bbdefault\u00bb custom_padding=\u00bb||2em||false|false\u00bb box_shadow_style=\u00bbpreset1&#8243; global_colors_info=\u00bb{}\u00bb][et_pb_image alt=\u00bbAtelier\u00bb title_text=\u00bb14271&#8243; align=\u00bbcenter\u00bb _builder_version=\u00bb4.27.6&#8243; _module_preset=\u00bbdefault\u00bb background_image=\u00bbhttps:\/\/beleaderprogram.com\/wp-content\/uploads\/2026\/03\/14271.webp\u00bb custom_padding=\u00bb25vh|21%|20px|21%|false|true\u00bb hover_enabled=\u00bb0&#8243; locked=\u00bboff\u00bb global_colors_info=\u00bb{}\u00bb sticky_enabled=\u00bb0&#8243;][\/et_pb_image][et_pb_text _builder_version=\u00bb4.27.6&#8243; _module_preset=\u00bbdefault\u00bb text_line_height=\u00bb1.2em\u00bb text_orientation=\u00bbcenter\u00bb custom_padding=\u00bb|20px||20px|false|true\u00bb hover_enabled=\u00bb0&#8243; global_colors_info=\u00bb{}\u00bb sticky_enabled=\u00bb0&#8243;]<strong>Atelier<\/strong><br \/>\n(Pr\u00f3ximamente)[\/et_pb_text][\/et_pb_column][et_pb_column type=\u00bb1_3&#8243; _builder_version=\u00bb4.27.6&#8243; _module_preset=\u00bbdefault\u00bb custom_padding=\u00bb||2em||false|false\u00bb box_shadow_style=\u00bbpreset1&#8243; global_colors_info=\u00bb{}\u00bb][et_pb_image alt=\u00bbBeKids\u00bb title_text=\u00bb72920&#8243; align=\u00bbcenter\u00bb _builder_version=\u00bb4.27.6&#8243; _module_preset=\u00bbdefault\u00bb background_image=\u00bbhttps:\/\/beleaderprogram.com\/wp-content\/uploads\/2026\/03\/72920.webp\u00bb custom_padding=\u00bb25vh|21%|20px|21%|false|true\u00bb hover_enabled=\u00bb0&#8243; locked=\u00bboff\u00bb global_colors_info=\u00bb{}\u00bb background_position=\u00bbtop_center\u00bb sticky_enabled=\u00bb0&#8243;][\/et_pb_image][et_pb_text _builder_version=\u00bb4.27.6&#8243; _module_preset=\u00bbdefault\u00bb text_line_height=\u00bb1.2em\u00bb text_orientation=\u00bbcenter\u00bb custom_padding=\u00bb|20px||20px|false|true\u00bb hover_enabled=\u00bb0&#8243; global_colors_info=\u00bb{}\u00bb sticky_enabled=\u00bb0&#8243;]<\/p>\n<p><strong>BeKids<\/strong><br \/>(Pr\u00f3ximamente)<\/p>\n<p>[\/et_pb_text][\/et_pb_column][et_pb_column type=\u00bb1_3&#8243; _builder_version=\u00bb4.27.6&#8243; _module_preset=\u00bbdefault\u00bb custom_padding=\u00bb||2em||false|false\u00bb box_shadow_style=\u00bbpreset1&#8243; global_colors_info=\u00bb{}\u00bb][et_pb_image alt=\u00bbBeLeader Teachers\u00bb title_text=\u00bb146937&#8243; align=\u00bbcenter\u00bb _builder_version=\u00bb4.27.6&#8243; _module_preset=\u00bbdefault\u00bb background_image=\u00bbhttps:\/\/beleaderprogram.com\/wp-content\/uploads\/2026\/03\/146937.webp\u00bb custom_padding=\u00bb25vh|21%|20px|21%|false|true\u00bb hover_enabled=\u00bb0&#8243; locked=\u00bboff\u00bb global_colors_info=\u00bb{}\u00bb sticky_enabled=\u00bb0&#8243;][\/et_pb_image][et_pb_text _builder_version=\u00bb4.27.6&#8243; _module_preset=\u00bbdefault\u00bb text_line_height=\u00bb1.2em\u00bb text_orientation=\u00bbcenter\u00bb custom_padding=\u00bb|20px||20px|false|true\u00bb hover_enabled=\u00bb0&#8243; global_colors_info=\u00bb{}\u00bb sticky_enabled=\u00bb0&#8243;]<\/p>\n<p><strong>BeLeader Teachers<\/strong><br \/>(Pr\u00f3ximamente)<\/p>\n<p>[\/et_pb_text][\/et_pb_column][\/et_pb_row][\/et_pb_section]<\/p>\n","protected":false},"excerpt":{"rendered":"<p>ProgramasTheMark es un programa creado para el desarrollo de la Educaci\u00f3n del Car\u00e1cter, dirigido espec\u00edficamente a j\u00f3venes de entre 15 y 17 a\u00f1os. Ha sido dise\u00f1ado por expertos en educaci\u00f3n del car\u00e1cter y se apoya en la investigaci\u00f3n aplicada de distintos actores del \u00e1mbito educativo, con el objetivo de acompa\u00f1ar a los alumnos en una [&hellip;]<\/p>\n","protected":false},"author":1,"featured_media":0,"parent":0,"menu_order":0,"comment_status":"closed","ping_status":"closed","template":"","meta":{"_acf_changed":false,"_et_pb_use_builder":"on","_et_pb_old_content":"","_et_gb_content_width":"","footnotes":""},"class_list":["post-2228","page","type-page","status-publish","hentry"],"acf":[],"_links":{"self":[{"href":"https:\/\/beleaderprogram.com\/es\/wp-json\/wp\/v2\/pages\/2228","targetHints":{"allow":["GET"]}}],"collection":[{"href":"https:\/\/beleaderprogram.com\/es\/wp-json\/wp\/v2\/pages"}],"about":[{"href":"https:\/\/beleaderprogram.com\/es\/wp-json\/wp\/v2\/types\/page"}],"author":[{"embeddable":true,"href":"https:\/\/beleaderprogram.com\/es\/wp-json\/wp\/v2\/users\/1"}],"replies":[{"embeddable":true,"href":"https:\/\/beleaderprogram.com\/es\/wp-json\/wp\/v2\/comments?post=2228"}],"version-history":[{"count":12,"href":"https:\/\/beleaderprogram.com\/es\/wp-json\/wp\/v2\/pages\/2228\/revisions"}],"predecessor-version":[{"id":2348,"href":"https:\/\/beleaderprogram.com\/es\/wp-json\/wp\/v2\/pages\/2228\/revisions\/2348"}],"wp:attachment":[{"href":"https:\/\/beleaderprogram.com\/es\/wp-json\/wp\/v2\/media?parent=2228"}],"curies":[{"name":"wp","href":"https:\/\/api.w.org\/{rel}","templated":true}]}}