{"id":107,"date":"2022-02-18T16:22:49","date_gmt":"2022-02-18T16:22:49","guid":{"rendered":"https:\/\/beleaderprogram.com\/?page_id=107"},"modified":"2022-11-24T11:22:38","modified_gmt":"2022-11-24T11:22:38","slug":"nosotros","status":"publish","type":"page","link":"https:\/\/beleaderprogram.com\/es\/nosotros\/","title":{"rendered":"Nosotros"},"content":{"rendered":"<p>[et_pb_section fb_built=\u00bb1&#8243; _builder_version=\u00bb4.16&#8243; _module_preset=\u00bbdefault\u00bb background_image=\u00bbhttps:\/\/beleaderprogram.com\/wp-content\/uploads\/2021\/09\/carrusel_beLeader_5.png\u00bb custom_margin=\u00bb||||true|false\u00bb custom_padding=\u00bb18%||18%||true|false\u00bb global_colors_info=\u00bb{}\u00bb][et_pb_row _builder_version=\u00bb4.16&#8243; _module_preset=\u00bbdefault\u00bb global_colors_info=\u00bb{}\u00bb][et_pb_column type=\u00bb4_4&#8243; _builder_version=\u00bb4.16&#8243; _module_preset=\u00bbdefault\u00bb global_colors_info=\u00bb{}\u00bb][et_pb_text _builder_version=\u00bb4.16&#8243; _module_preset=\u00bbdefault\u00bb text_font=\u00bb|600|||||||\u00bb text_font_size=\u00bb68px\u00bb text_letter_spacing=\u00bb-5px\u00bb text_orientation=\u00bbcenter\u00bb background_layout=\u00bbdark\u00bb text_line_height_tablet=\u00bb\u00bb text_line_height_phone=\u00bb1em\u00bb text_line_height_last_edited=\u00bbon|phone\u00bb text_text_shadow_style=\u00bbpreset3&#8243; global_colors_info=\u00bb{}\u00bb]<\/p>\n<p>\u00bfQui\u00e9nes somos?<\/p>\n<p>[\/et_pb_text][\/et_pb_column][\/et_pb_row][\/et_pb_section][et_pb_section fb_built=\u00bb1&#8243; _builder_version=\u00bb4.16&#8243; _module_preset=\u00bbdefault\u00bb custom_margin=\u00bb||||false|false\u00bb custom_padding=\u00bb||||false|false\u00bb global_colors_info=\u00bb{}\u00bb][et_pb_row _builder_version=\u00bb4.16&#8243; _module_preset=\u00bbdefault\u00bb width=\u00bb50%\u00bb width_tablet=\u00bb50%\u00bb width_phone=\u00bb75%\u00bb width_last_edited=\u00bbon|phone\u00bb custom_margin=\u00bb||||false|false\u00bb custom_padding=\u00bb||||false|false\u00bb global_colors_info=\u00bb{}\u00bb][et_pb_column type=\u00bb4_4&#8243; _builder_version=\u00bb4.16&#8243; _module_preset=\u00bbdefault\u00bb global_colors_info=\u00bb{}\u00bb][et_pb_text _builder_version=\u00bb4.16&#8243; _module_preset=\u00bbdefault\u00bb text_font_size=\u00bb26px\u00bb text_letter_spacing=\u00bb-1px\u00bb text_line_height=\u00bb1.1em\u00bb text_orientation=\u00bbcenter\u00bb global_colors_info=\u00bb{}\u00bb]<\/p>\n<p><strong>BeLeader<\/strong> es una iniciativa de la <a href=\"https:\/\/fundacionparentes.org\/\" target=\"_blank\" rel=\"noopener\"><strong>Fundaci\u00f3n Parentes<\/strong><\/a> para promover en los centros educativos una educaci\u00f3n integral de la persona con una inspiraci\u00f3n cristiana.<\/p>\n<p>[\/et_pb_text][\/et_pb_column][\/et_pb_row][\/et_pb_section][et_pb_section fb_built=\u00bb1&#8243; _builder_version=\u00bb4.16&#8243; _module_preset=\u00bbdefault\u00bb background_color=\u00bb#e6e6e6&#8243; custom_margin=\u00bb0px||||false|false\u00bb custom_padding=\u00bb||||false|false\u00bb locked=\u00bboff\u00bb global_colors_info=\u00bb{}\u00bb][et_pb_row _builder_version=\u00bb4.16&#8243; _module_preset=\u00bbdefault\u00bb custom_margin=\u00bb0px||||false|false\u00bb custom_padding=\u00bb||||false|false\u00bb global_colors_info=\u00bb{}\u00bb][et_pb_column type=\u00bb4_4&#8243; _builder_version=\u00bb4.16&#8243; _module_preset=\u00bbdefault\u00bb global_colors_info=\u00bb{}\u00bb][et_pb_text _builder_version=\u00bb4.19.0&#8243; _module_preset=\u00bbdefault\u00bb text_font=\u00bb|600|||||||\u00bb text_font_size=\u00bb42px\u00bb text_letter_spacing=\u00bb-1px\u00bb text_line_height=\u00bb1.2em\u00bb text_orientation=\u00bbcenter\u00bb hover_enabled=\u00bb0&#8243; global_colors_info=\u00bb{}\u00bb sticky_enabled=\u00bb0&#8243;]<\/p>\n<p>As\u00ed funciona BeLeader en otros colegios<\/p>\n<p>[\/et_pb_text][et_pb_video src=\u00bbhttps:\/\/youtu.be\/878g9Dsbxxw\u00bb play_icon_color=\u00bbRGBA(255,255,255,0)\u00bb thumbnail_overlay_color=\u00bbrgba(0,0,0,0.2)\u00bb _builder_version=\u00bb4.19.0&#8243; _module_preset=\u00bbdefault\u00bb width=\u00bb70%\u00bb width_tablet=\u00bb70%\u00bb width_phone=\u00bb100%\u00bb width_last_edited=\u00bbon|desktop\u00bb module_alignment=\u00bbcenter\u00bb hover_enabled=\u00bb0&#8243; global_colors_info=\u00bb{}\u00bb locked=\u00bboff\u00bb sticky_enabled=\u00bb0&#8243;][\/et_pb_video][\/et_pb_column][\/et_pb_row][\/et_pb_section][et_pb_section fb_built=\u00bb1&#8243; _builder_version=\u00bb4.16&#8243; _module_preset=\u00bbdefault\u00bb background_image=\u00bbhttps:\/\/beleaderprogram.com\/wp-content\/uploads\/2022\/02\/camino_web_beleader-02.png\u00bb background_last_edited=\u00bboff|phone\u00bb background_size_phone=\u00bbcover\u00bb global_colors_info=\u00bb{}\u00bb][et_pb_row column_structure=\u00bb1_2,1_2&#8243; use_custom_gutter=\u00bbon\u00bb gutter_width=\u00bb4&#8243; make_equal=\u00bbon\u00bb _builder_version=\u00bb4.16&#8243; _module_preset=\u00bbdefault\u00bb width=\u00bb100%\u00bb max_width=\u00bb2560px\u00bb custom_margin=\u00bb||||false|false\u00bb custom_padding=\u00bb||||false|false\u00bb global_colors_info=\u00bb{}\u00bb][et_pb_column type=\u00bb1_2&#8243; _builder_version=\u00bb4.16&#8243; _module_preset=\u00bbdefault\u00bb custom_padding=\u00bb|10%||10%|false|true\u00bb custom_css_main_element=\u00bbmargin: auto;\u00bb global_colors_info=\u00bb{}\u00bb][et_pb_text _builder_version=\u00bb4.16&#8243; _module_preset=\u00bbdefault\u00bb text_font_size=\u00bb26px\u00bb text_line_height=\u00bb1.2em\u00bb link_text_color=\u00bbgcid-c350c6f7-af13-4433-8bd8-81e7cf74a8e1&#8243; background_color=\u00bb#FFFFFF\u00bb custom_margin=\u00bbauto||auto||true|false\u00bb global_colors_info=\u00bb{%22gcid-c350c6f7-af13-4433-8bd8-81e7cf74a8e1%22:%91%22link_text_color%22%93}\u00bb]<\/p>\n<p>La <a href=\"https:\/\/fundacionparentes.org\/\" target=\"_blank\" rel=\"noopener\"><strong>Fundaci\u00f3n Parentes<\/strong><\/a> fue creada en el a\u00f1o 2019 con el objetivo de contribuir a un modelo de sociedad que pueda ofrecer las mismas oportunidades para todos.<\/p>\n<p>Cuenta con una <strong>Red Educativa Internacional<\/strong> con colegios en pa\u00edses como Croacia, Inglaterra o Ecuador.<\/p>\n<p>Por lo dem\u00e1s, aunque Parentes tiene fines de car\u00e1cter educativo tambi\u00e9n promueve muchas otras iniciativas de car\u00e1cter social y de cooperaci\u00f3n al desarrollo en muchos pa\u00edses del mundo.<\/p>\n<p>[\/et_pb_text][\/et_pb_column][et_pb_column type=\u00bb1_2&#8243; disabled_on=\u00bbon|on|off\u00bb _builder_version=\u00bb4.16&#8243; _module_preset=\u00bbdefault\u00bb custom_padding=\u00bb||||false|false\u00bb custom_css_main_element=\u00bbmargin: auto;\u00bb global_colors_info=\u00bb{}\u00bb][et_pb_image src=\u00bbhttps:\/\/beleaderprogram.com\/wp-content\/uploads\/2022\/02\/Bombilla_web_beleader-04.png\u00bb title_text=\u00bbBombilla_web_beleader-04&#8243; _builder_version=\u00bb4.16&#8243; _module_preset=\u00bbdefault\u00bb width=\u00bb30%\u00bb module_alignment=\u00bbcenter\u00bb custom_margin=\u00bb||||false|false\u00bb custom_css_main_element=\u00bbmargin-bottom: 0px!important;||position: absolute!important;||bottom: 0px !important;||top: 0;||left: 0;||right: 0;\u00bb global_colors_info=\u00bb{}\u00bb][\/et_pb_image][\/et_pb_column][\/et_pb_row][\/et_pb_section][et_pb_section fb_built=\u00bb1&#8243; _builder_version=\u00bb4.16&#8243; _module_preset=\u00bbdefault\u00bb background_color=\u00bb#e6e6e6&#8243; custom_margin=\u00bb0px||||false|false\u00bb custom_padding=\u00bb0px||||false|false\u00bb global_colors_info=\u00bb{}\u00bb][et_pb_row _builder_version=\u00bb4.16&#8243; _module_preset=\u00bbdefault\u00bb custom_margin=\u00bb0px||||false|false\u00bb custom_padding=\u00bb0px||||false|false\u00bb global_colors_info=\u00bb{}\u00bb][et_pb_column type=\u00bb4_4&#8243; _builder_version=\u00bb4.16&#8243; _module_preset=\u00bbdefault\u00bb global_colors_info=\u00bb{}\u00bb][et_pb_image src=\u00bbhttps:\/\/beleaderprogram.com\/wp-content\/uploads\/2022\/02\/punta-camino_web_beleader-04.png\u00bb title_text=\u00bbpunta-camino_web_beleader-04&#8243; align=\u00bbcenter\u00bb _builder_version=\u00bb4.16&#8243; _module_preset=\u00bbdefault\u00bb width=\u00bb7.9vw\u00bb width_tablet=\u00bb16vw\u00bb width_phone=\u00bb29vw\u00bb width_last_edited=\u00bbon|tablet\u00bb custom_margin=\u00bb0px||||false|false\u00bb custom_padding=\u00bb0px||||false|false\u00bb global_colors_info=\u00bb{}\u00bb][\/et_pb_image][et_pb_text _builder_version=\u00bb4.16&#8243; _module_preset=\u00bbdefault\u00bb text_font=\u00bb|600|||||||\u00bb text_font_size=\u00bb42px\u00bb text_letter_spacing=\u00bb-1px\u00bb text_line_height=\u00bb1.2em\u00bb text_orientation=\u00bbcenter\u00bb global_colors_info=\u00bb{}\u00bb]\u00bfQuieres conocer<br \/>\nmejor el programa?[\/et_pb_text][et_pb_button button_url=\u00bb@ET-DC@eyJkeW5hbWljIjp0cnVlLCJjb250ZW50IjoicG9zdF9saW5rX3VybF9wYWdlIiwic2V0dGluZ3MiOnsicG9zdF9pZCI6IjExNSJ9fQ==@\u00bb button_text=\u00bbContacta con nosotros\u00bb button_alignment=\u00bbcenter\u00bb _builder_version=\u00bb4.16&#8243; _dynamic_attributes=\u00bbbutton_url\u00bb _module_preset=\u00bbdefault\u00bb custom_button=\u00bbon\u00bb button_text_size=\u00bb16px\u00bb button_text_color=\u00bb#FFFFFF\u00bb button_bg_color=\u00bbgcid-549a15b0-9c4e-4ad0-b9a6-b5522796de9f\u00bb button_border_width=\u00bb0px\u00bb button_border_radius=\u00bb0px\u00bb global_colors_info=\u00bb{%22gcid-549a15b0-9c4e-4ad0-b9a6-b5522796de9f%22:%91%22button_bg_color%22%93}\u00bb][\/et_pb_button][\/et_pb_column][\/et_pb_row][\/et_pb_section]<\/p>\n","protected":false},"excerpt":{"rendered":"<p>\u00bfQui\u00e9nes somos?BeLeader es una iniciativa de la Fundaci\u00f3n Parentes para promover en los centros educativos una educaci\u00f3n integral de la persona con una inspiraci\u00f3n cristiana.As\u00ed funciona BeLeader en otros colegiosLa Fundaci\u00f3n Parentes fue creada en el a\u00f1o 2019 con el objetivo de contribuir a un modelo de sociedad que pueda ofrecer las mismas oportunidades para [&hellip;]<\/p>\n","protected":false},"author":1,"featured_media":0,"parent":0,"menu_order":0,"comment_status":"closed","ping_status":"closed","template":"","meta":{"_acf_changed":false,"_et_pb_use_builder":"on","_et_pb_old_content":"","_et_gb_content_width":"","footnotes":""},"class_list":["post-107","page","type-page","status-publish","hentry"],"acf":[],"_links":{"self":[{"href":"https:\/\/beleaderprogram.com\/es\/wp-json\/wp\/v2\/pages\/107","targetHints":{"allow":["GET"]}}],"collection":[{"href":"https:\/\/beleaderprogram.com\/es\/wp-json\/wp\/v2\/pages"}],"about":[{"href":"https:\/\/beleaderprogram.com\/es\/wp-json\/wp\/v2\/types\/page"}],"author":[{"embeddable":true,"href":"https:\/\/beleaderprogram.com\/es\/wp-json\/wp\/v2\/users\/1"}],"replies":[{"embeddable":true,"href":"https:\/\/beleaderprogram.com\/es\/wp-json\/wp\/v2\/comments?post=107"}],"version-history":[{"count":18,"href":"https:\/\/beleaderprogram.com\/es\/wp-json\/wp\/v2\/pages\/107\/revisions"}],"predecessor-version":[{"id":1975,"href":"https:\/\/beleaderprogram.com\/es\/wp-json\/wp\/v2\/pages\/107\/revisions\/1975"}],"wp:attachment":[{"href":"https:\/\/beleaderprogram.com\/es\/wp-json\/wp\/v2\/media?parent=107"}],"curies":[{"name":"wp","href":"https:\/\/api.w.org\/{rel}","templated":true}]}}